{"id":4884,"date":"2026-03-27T10:10:02","date_gmt":"2026-03-27T08:10:02","guid":{"rendered":"https:\/\/www.nibatours.hr\/?post_type=product&#038;p=4884"},"modified":"2026-04-14T13:30:50","modified_gmt":"2026-04-14T11:30:50","slug":"alpaka-ranc-maribor","status":"publish","type":"product","link":"https:\/\/www.nibatours.hr\/lv\/putovanja\/aktualna-putovanja\/alpaka-ranc-maribor\/","title":{"rendered":"Alpaka ran\u010d &amp; Maribor"},"content":{"rendered":"<h1 style=\"text-align: center\"><strong><em>Alpaka ran\u010d &amp; Maribor <\/em><\/strong><\/h1>\n<p style=\"text-align: right\"><strong>TERMIN: 17.5.2026.<\/strong><\/p>\n<p style=\"text-align: right\"><strong>JEDNODNEVNI IZLET AUTOBUSOM<\/strong><\/p>\n<p style=\"text-align: right\"><strong>POLASCI: VIROVITICA, PITOMA\u010cA, \u0110UR\u0110EVAC, KOPRIVNICA<\/strong><\/p>\n<p>&nbsp;<\/p>\n<p style=\"text-align: justify\">Polazak iz Virovitice, Koprivnice i usputnih mjesta u ranim jutarnjim satima, uz ugodnu vo\u017enju prema Sloveniji. Na\u0161a prva destinacija je <strong>Alpaka ran\u010d<\/strong> u Polj\u010danama, mjesto gdje nas o\u010dekuje toplina i mir prirode te dru\u017eenje s preslatkim alpakama. Tijekom posjeta imat \u0107emo priliku nau\u010diti zanimljive \u010dinjenice o ovim blagim \u017eivotinjama, njihovom pona\u0161anju i prehrani, a vodi\u010di ran\u010da pokazat \u0107e nam kako se brine o njima. Program zapo\u010dinje pou\u010dnim predavanjem o alpakama, nakon \u010dega slijedi obilazak i hranjenje \u017eivotinja te vrijeme za fotografiranje. U nastavku slijedi kratka kreativna radionica izrade filcanog sapuna od stopostotne alpaka vune s ran\u010da, a preostalo vrijeme rezervirano je za opu\u0161tanje uz degustaciju doma\u0107ih narezaka, ku\u0161anje lokalnih vina i sokova na terasi smje\u0161tenoj me\u0111u pa\u0161njacima s alpakama, \u0161to pru\u017ea jedinstven do\u017eivljaj prirode i okusa. Nakon ran\u010da, putovanje nastavljamo prema <strong>Mariboru<\/strong>, jednom od najljep\u0161ih gradova Slovenije. Obi\u0107i \u0107emo povijesne ulice, kulturne znamenitosti i atraktivne trgove te doznati zanimljive pri\u010de i legende koje grad \u010dine posebnim. Nakon organiziranog obilaska, slijedi slobodno vrijeme u centru Maribora, tijekom kojeg \u0107ete mo\u0107i sami istra\u017eiti grad, pro\u0161etati uz Dravu, posjetiti lokalne trgovine ili se opustiti u jednom od brojnih kafi\u0107a. Povratak prema Virovitici i Koprivnici planiran je u ve\u010dernjim satima.<\/p>\n<p><strong>CIJENA ARAN\u017dMANA PO OSOBI IZNOSI: 70,00\u20ac<\/strong><\/p>\n<p><em>Kalkulacija je ra\u0111ena na bazi 40 putnika. Za ovaj program vrijede Op\u0107i uvjeti putovanja Niba Tours d.o.o.<\/em><strong>\u00a0<\/strong><\/p>\n<p><strong>CIJENA ZA DJECU DO 14 GODINA: 60,00\u20ac<\/strong><\/p>\n<p><strong>CIJENA ARAN\u017dMANA UKLJU\u010cUJE:<\/strong> <em>prijevoz autobusom turisti\u010dke klase, licenciranog turisti\u010dkog pratitelja tijekom puta, ulaznicu za Alpaka ran\u010d, sve razglede prema programu, jam\u010devno osiguranje, osiguranje od odgovornosti, tro\u0161kove organizacije putovanja, PDV.<\/em><\/p>\n<p><strong>**Napomena: <\/strong><em>Obilazak Alpaka ran\u010da odvija se na raznolikom terenu i uglavnom na pa\u0161njacima me\u0111u alpakama, stoga je va\u017ena prikladna obu\u0107a. Alpake se hrane isklju\u010divo hranom dobivenom na ran\u010du. <\/em><\/p>\n<p><strong><em>U slu\u010daju ki\u0161e ili visokih temperatura, tura na ran\u010du se otkazuje, stoga agencija zadr\u017eava pravo na izmjene u programu izleta, uz prethodnu najavu putnicima.\u00a0 <\/em><\/strong><\/p>\n<p>&nbsp;<\/p>\n<p style=\"text-align: center\"><strong>MOGU\u0106NOST OTPLATE U DVIJE RATE!<\/strong><\/p>\n<p style=\"text-align: center\"><strong><em>Sretan put \u017eeli Vam Niba Tours!<\/em><\/strong><\/p>\n<p><img loading=\"lazy\" decoding=\"async\" class=\"alignnone size-full wp-image-4901\" src=\"https:\/\/www.nibatours.hr\/wp-content\/uploads\/2026\/03\/images-2.jpg\" alt=\"\" width=\"272\" height=\"185\" \/> <img loading=\"lazy\" decoding=\"async\" class=\"alignnone size-medium wp-image-4897\" src=\"https:\/\/www.nibatours.hr\/wp-content\/uploads\/2026\/03\/Maribor-300x183.avif\" alt=\"\" width=\"300\" height=\"183\" srcset=\"https:\/\/www.nibatours.hr\/wp-content\/uploads\/2026\/03\/Maribor-300x183.avif 300w, https:\/\/www.nibatours.hr\/wp-content\/uploads\/2026\/03\/Maribor-768x468.avif 768w, https:\/\/www.nibatours.hr\/wp-content\/uploads\/2026\/03\/Maribor-600x366.avif 600w, https:\/\/www.nibatours.hr\/wp-content\/uploads\/2026\/03\/Maribor.avif 820w\" sizes=\"auto, (max-width: 300px) 100vw, 300px\" \/> <img loading=\"lazy\" decoding=\"async\" class=\"alignnone wp-image-4905\" src=\"https:\/\/www.nibatours.hr\/wp-content\/uploads\/2026\/03\/pexels-eva-bronzini-5502105-200x300.jpg\" alt=\"\" width=\"123\" height=\"185\" srcset=\"https:\/\/www.nibatours.hr\/wp-content\/uploads\/2026\/03\/pexels-eva-bronzini-5502105-200x300.jpg 200w, https:\/\/www.nibatours.hr\/wp-content\/uploads\/2026\/03\/pexels-eva-bronzini-5502105-683x1024.jpg 683w, https:\/\/www.nibatours.hr\/wp-content\/uploads\/2026\/03\/pexels-eva-bronzini-5502105-768x1152.jpg 768w, https:\/\/www.nibatours.hr\/wp-content\/uploads\/2026\/03\/pexels-eva-bronzini-5502105-1024x1536.jpg 1024w, https:\/\/www.nibatours.hr\/wp-content\/uploads\/2026\/03\/pexels-eva-bronzini-5502105-1365x2048.jpg 1365w, https:\/\/www.nibatours.hr\/wp-content\/uploads\/2026\/03\/pexels-eva-bronzini-5502105-600x900.jpg 600w, https:\/\/www.nibatours.hr\/wp-content\/uploads\/2026\/03\/pexels-eva-bronzini-5502105-scaled.jpg 1707w\" sizes=\"auto, (max-width: 123px) 100vw, 123px\" \/><\/p>\n<p>&nbsp;<\/p>\n","protected":false},"excerpt":{"rendered":"<p>Alpaka ran\u010d &amp; Maribor TERMIN: 17.5.2026. JEDNODNEVNI IZLET AUTOBUSOM POLASCI: VIROVITICA, PITOMA\u010cA, \u0110UR\u0110EVAC, KOPRIVNICA &nbsp; Polazak iz Virovitice, Koprivnice i usputnih mjesta u ranim jutarnjim satima, uz ugodnu vo\u017enju prema Sloveniji. Na\u0161a prva destinacija je Alpaka ran\u010d u Polj\u010danama, mjesto gdje nas o\u010dekuje toplina [&hellip;]<\/p>\n","protected":false},"featured_media":4889,"template":"","meta":[],"product_brand":[],"product_cat":[18],"product_tag":[801,982,1025,1027,1026],"class_list":{"0":"post-4884","1":"product","2":"type-product","3":"status-publish","4":"has-post-thumbnail","6":"product_cat-aktualna-putovanja","7":"product_tag-izlet","8":"product_tag-maribor","9":"product_tag-nedjelja","10":"product_tag-ranc","11":"product_tag-svibanj","13":"first","14":"instock","15":"shipping-taxable","16":"purchasable","17":"product-type-simple"},"yoast_head":"<!-- This site is optimized with the Yoast SEO plugin v26.0 - https:\/\/yoast.com\/wordpress\/plugins\/seo\/ -->\n<title>Alpaka ran\u010d &amp; Maribor - Niba Tours<\/title>\n<meta name=\"robots\" content=\"index, follow, max-snippet:-1, max-image-preview:large, max-video-preview:-1\" \/>\n<link rel=\"canonical\" href=\"https:\/\/www.nibatours.hr\/putovanja\/aktualna-putovanja\/alpaka-ranc-maribor\/\" \/>\n<meta property=\"og:locale\" content=\"lv_LV\" \/>\n<meta property=\"og:type\" content=\"article\" \/>\n<meta property=\"og:title\" content=\"Alpaka ran\u010d &amp; Maribor - Niba Tours\" \/>\n<meta property=\"og:description\" content=\"Alpaka ran\u010d &amp; Maribor TERMIN: 17.5.2026. JEDNODNEVNI IZLET AUTOBUSOM POLASCI: VIROVITICA, PITOMA\u010cA, \u0110UR\u0110EVAC, KOPRIVNICA &nbsp; Polazak iz Virovitice, Koprivnice i usputnih mjesta u ranim jutarnjim satima, uz ugodnu vo\u017enju prema Sloveniji. Na\u0161a prva destinacija je Alpaka ran\u010d u Polj\u010danama, mjesto gdje nas o\u010dekuje toplina [&hellip;]\" \/>\n<meta property=\"og:url\" content=\"https:\/\/www.nibatours.hr\/putovanja\/aktualna-putovanja\/alpaka-ranc-maribor\/\" \/>\n<meta property=\"og:site_name\" content=\"Niba Tours\" \/>\n<meta property=\"article:modified_time\" content=\"2026-04-14T11:30:50+00:00\" \/>\n<meta property=\"og:image\" content=\"https:\/\/www.nibatours.hr\/wp-content\/uploads\/2026\/03\/darilo_alpaka_ranc_poljcane_7-1024x576-1.jpg\" \/>\n\t<meta property=\"og:image:width\" content=\"1024\" \/>\n\t<meta property=\"og:image:height\" content=\"576\" \/>\n\t<meta property=\"og:image:type\" content=\"image\/jpeg\" \/>\n<meta name=\"twitter:card\" content=\"summary_large_image\" \/>\n<meta name=\"twitter:label1\" content=\"Est. reading time\" \/>\n\t<meta name=\"twitter:data1\" content=\"3 min\u016btes\" \/>\n<script type=\"application\/ld+json\" class=\"yoast-schema-graph\">{\"@context\":\"https:\/\/schema.org\",\"@graph\":[{\"@type\":\"WebPage\",\"@id\":\"https:\/\/www.nibatours.hr\/putovanja\/aktualna-putovanja\/alpaka-ranc-maribor\/\",\"url\":\"https:\/\/www.nibatours.hr\/putovanja\/aktualna-putovanja\/alpaka-ranc-maribor\/\",\"name\":\"Alpaka ran\u010d &amp; Maribor - Niba Tours\",\"isPartOf\":{\"@id\":\"https:\/\/www.nibatours.hr\/#website\"},\"primaryImageOfPage\":{\"@id\":\"https:\/\/www.nibatours.hr\/putovanja\/aktualna-putovanja\/alpaka-ranc-maribor\/#primaryimage\"},\"image\":{\"@id\":\"https:\/\/www.nibatours.hr\/putovanja\/aktualna-putovanja\/alpaka-ranc-maribor\/#primaryimage\"},\"thumbnailUrl\":\"https:\/\/www.nibatours.hr\/wp-content\/uploads\/2026\/03\/darilo_alpaka_ranc_poljcane_7-1024x576-1.jpg\",\"datePublished\":\"2026-03-27T08:10:02+00:00\",\"dateModified\":\"2026-04-14T11:30:50+00:00\",\"breadcrumb\":{\"@id\":\"https:\/\/www.nibatours.hr\/putovanja\/aktualna-putovanja\/alpaka-ranc-maribor\/#breadcrumb\"},\"inLanguage\":\"lv-LV\",\"potentialAction\":[{\"@type\":\"ReadAction\",\"target\":[\"https:\/\/www.nibatours.hr\/putovanja\/aktualna-putovanja\/alpaka-ranc-maribor\/\"]}]},{\"@type\":\"ImageObject\",\"inLanguage\":\"lv-LV\",\"@id\":\"https:\/\/www.nibatours.hr\/putovanja\/aktualna-putovanja\/alpaka-ranc-maribor\/#primaryimage\",\"url\":\"https:\/\/www.nibatours.hr\/wp-content\/uploads\/2026\/03\/darilo_alpaka_ranc_poljcane_7-1024x576-1.jpg\",\"contentUrl\":\"https:\/\/www.nibatours.hr\/wp-content\/uploads\/2026\/03\/darilo_alpaka_ranc_poljcane_7-1024x576-1.jpg\",\"width\":1024,\"height\":576},{\"@type\":\"BreadcrumbList\",\"@id\":\"https:\/\/www.nibatours.hr\/putovanja\/aktualna-putovanja\/alpaka-ranc-maribor\/#breadcrumb\",\"itemListElement\":[{\"@type\":\"ListItem\",\"position\":1,\"name\":\"Po\u010detna stranica\",\"item\":\"https:\/\/www.nibatours.hr\/lv\/\"},{\"@type\":\"ListItem\",\"position\":2,\"name\":\"Proizvodi\",\"item\":\"https:\/\/www.nibatours.hr\/shop\/\"},{\"@type\":\"ListItem\",\"position\":3,\"name\":\"Alpaka ran\u010d &amp; Maribor\"}]},{\"@type\":\"WebSite\",\"@id\":\"https:\/\/www.nibatours.hr\/#website\",\"url\":\"https:\/\/www.nibatours.hr\/\",\"name\":\"Niba Tours\",\"description\":\"Niba Tours - turisti\u010dka agencija\",\"potentialAction\":[{\"@type\":\"SearchAction\",\"target\":{\"@type\":\"EntryPoint\",\"urlTemplate\":\"https:\/\/www.nibatours.hr\/?s={search_term_string}\"},\"query-input\":{\"@type\":\"PropertyValueSpecification\",\"valueRequired\":true,\"valueName\":\"search_term_string\"}}],\"inLanguage\":\"lv-LV\"}]}<\/script>\n<!-- \/ Yoast SEO plugin. -->","yoast_head_json":{"title":"Alpaka ran\u010d &amp; Maribor - Niba Tours","robots":{"index":"index","follow":"follow","max-snippet":"max-snippet:-1","max-image-preview":"max-image-preview:large","max-video-preview":"max-video-preview:-1"},"canonical":"https:\/\/www.nibatours.hr\/putovanja\/aktualna-putovanja\/alpaka-ranc-maribor\/","og_locale":"lv_LV","og_type":"article","og_title":"Alpaka ran\u010d &amp; Maribor - Niba Tours","og_description":"Alpaka ran\u010d &amp; Maribor TERMIN: 17.5.2026. JEDNODNEVNI IZLET AUTOBUSOM POLASCI: VIROVITICA, PITOMA\u010cA, \u0110UR\u0110EVAC, KOPRIVNICA &nbsp; Polazak iz Virovitice, Koprivnice i usputnih mjesta u ranim jutarnjim satima, uz ugodnu vo\u017enju prema Sloveniji. Na\u0161a prva destinacija je Alpaka ran\u010d u Polj\u010danama, mjesto gdje nas o\u010dekuje toplina [&hellip;]","og_url":"https:\/\/www.nibatours.hr\/putovanja\/aktualna-putovanja\/alpaka-ranc-maribor\/","og_site_name":"Niba Tours","article_modified_time":"2026-04-14T11:30:50+00:00","og_image":[{"width":1024,"height":576,"url":"https:\/\/www.nibatours.hr\/wp-content\/uploads\/2026\/03\/darilo_alpaka_ranc_poljcane_7-1024x576-1.jpg","type":"image\/jpeg"}],"twitter_card":"summary_large_image","twitter_misc":{"Est. reading time":"3 min\u016btes"},"schema":{"@context":"https:\/\/schema.org","@graph":[{"@type":"WebPage","@id":"https:\/\/www.nibatours.hr\/putovanja\/aktualna-putovanja\/alpaka-ranc-maribor\/","url":"https:\/\/www.nibatours.hr\/putovanja\/aktualna-putovanja\/alpaka-ranc-maribor\/","name":"Alpaka ran\u010d &amp; Maribor - Niba Tours","isPartOf":{"@id":"https:\/\/www.nibatours.hr\/#website"},"primaryImageOfPage":{"@id":"https:\/\/www.nibatours.hr\/putovanja\/aktualna-putovanja\/alpaka-ranc-maribor\/#primaryimage"},"image":{"@id":"https:\/\/www.nibatours.hr\/putovanja\/aktualna-putovanja\/alpaka-ranc-maribor\/#primaryimage"},"thumbnailUrl":"https:\/\/www.nibatours.hr\/wp-content\/uploads\/2026\/03\/darilo_alpaka_ranc_poljcane_7-1024x576-1.jpg","datePublished":"2026-03-27T08:10:02+00:00","dateModified":"2026-04-14T11:30:50+00:00","breadcrumb":{"@id":"https:\/\/www.nibatours.hr\/putovanja\/aktualna-putovanja\/alpaka-ranc-maribor\/#breadcrumb"},"inLanguage":"lv-LV","potentialAction":[{"@type":"ReadAction","target":["https:\/\/www.nibatours.hr\/putovanja\/aktualna-putovanja\/alpaka-ranc-maribor\/"]}]},{"@type":"ImageObject","inLanguage":"lv-LV","@id":"https:\/\/www.nibatours.hr\/putovanja\/aktualna-putovanja\/alpaka-ranc-maribor\/#primaryimage","url":"https:\/\/www.nibatours.hr\/wp-content\/uploads\/2026\/03\/darilo_alpaka_ranc_poljcane_7-1024x576-1.jpg","contentUrl":"https:\/\/www.nibatours.hr\/wp-content\/uploads\/2026\/03\/darilo_alpaka_ranc_poljcane_7-1024x576-1.jpg","width":1024,"height":576},{"@type":"BreadcrumbList","@id":"https:\/\/www.nibatours.hr\/putovanja\/aktualna-putovanja\/alpaka-ranc-maribor\/#breadcrumb","itemListElement":[{"@type":"ListItem","position":1,"name":"Po\u010detna stranica","item":"https:\/\/www.nibatours.hr\/lv\/"},{"@type":"ListItem","position":2,"name":"Proizvodi","item":"https:\/\/www.nibatours.hr\/shop\/"},{"@type":"ListItem","position":3,"name":"Alpaka ran\u010d &amp; Maribor"}]},{"@type":"WebSite","@id":"https:\/\/www.nibatours.hr\/#website","url":"https:\/\/www.nibatours.hr\/","name":"Niba Tours","description":"Niba Tours - turisti\u010dka agencija","potentialAction":[{"@type":"SearchAction","target":{"@type":"EntryPoint","urlTemplate":"https:\/\/www.nibatours.hr\/?s={search_term_string}"},"query-input":{"@type":"PropertyValueSpecification","valueRequired":true,"valueName":"search_term_string"}}],"inLanguage":"lv-LV"}]}},"_links":{"self":[{"href":"https:\/\/www.nibatours.hr\/lv\/wp-json\/wp\/v2\/product\/4884","targetHints":{"allow":["GET"]}}],"collection":[{"href":"https:\/\/www.nibatours.hr\/lv\/wp-json\/wp\/v2\/product"}],"about":[{"href":"https:\/\/www.nibatours.hr\/lv\/wp-json\/wp\/v2\/types\/product"}],"wp:featuredmedia":[{"embeddable":true,"href":"https:\/\/www.nibatours.hr\/lv\/wp-json\/wp\/v2\/media\/4889"}],"wp:attachment":[{"href":"https:\/\/www.nibatours.hr\/lv\/wp-json\/wp\/v2\/media?parent=4884"}],"wp:term":[{"taxonomy":"product_brand","embeddable":true,"href":"https:\/\/www.nibatours.hr\/lv\/wp-json\/wp\/v2\/product_brand?post=4884"},{"taxonomy":"product_cat","embeddable":true,"href":"https:\/\/www.nibatours.hr\/lv\/wp-json\/wp\/v2\/product_cat?post=4884"},{"taxonomy":"product_tag","embeddable":true,"href":"https:\/\/www.nibatours.hr\/lv\/wp-json\/wp\/v2\/product_tag?post=4884"}],"curies":[{"name":"wp","href":"https:\/\/api.w.org\/{rel}","templated":true}]}}