{"id":4820,"date":"2025-12-15T16:29:47","date_gmt":"2025-12-15T14:29:47","guid":{"rendered":"https:\/\/www.nibatours.hr\/?post_type=product&#038;p=4820"},"modified":"2026-03-17T10:16:09","modified_gmt":"2026-03-17T08:16:09","slug":"logarska-dolina-i-festival-tulipana-3","status":"publish","type":"product","link":"https:\/\/www.nibatours.hr\/en\/putovanja\/krstarenja\/grupni-polasci\/logarska-dolina-i-festival-tulipana-3\/","title":{"rendered":"LOGARSKA DOLINA I FESTIVAL TULIPANA"},"content":{"rendered":"<p>&nbsp;<\/p>\n<p><strong><em>\u00a0<\/em><\/strong><\/p>\n<h6 style=\"text-align: right\"><strong><em>Termin: 26.04.2026<\/em><\/strong><strong><em>.<\/em><\/strong><\/h6>\n<p style=\"text-align: right\"><strong><em>\u00a0<\/em><\/strong><\/p>\n<p style=\"text-align: justify\">Polazak u jutarnjim satima sa usputnim pauzama tijekom puta prema Sloveniji do Savinjske doline. Dolazak do <strong>Logarske doline<\/strong><strong>,<\/strong> za koju mnogi ka\u017eu da je \u201eraj na zemlji\u201c. Jedna je od najljep\u0161ih alpskih dolina u Sloveniji sa \u0161irokim ravnim dnom kojeg okru\u017euje vijenac planinskih vrhova preko 2000 m. Zahvaljuju\u0107i svom geografskom polo\u017eaju te bujnim zelenilom koje ju okru\u017euje, poznata je i kao klimatsko lje\u010dili\u0161te. Slijedi \u0161etnja pou\u010dnom stazom, u\u017eivanje u prirodnim ljepotama, pogled na slap Palenk. Odmor uz kavu ili ru\u010dak u jednom od ugostiteljskih objekata u samoj dolini (preporuka Na razpotju). Vo\u017enja autobusom do kraja Logarske doline, gdje se nalazi vodopad Savinje \u201eRinka\u201c, u\u017eivanje u pogledu sa \u201eOrlovog gnijezda\u201c, jedinstvenog objekta izgra\u0111enog u stijeni&#8230;<\/p>\n<p style=\"text-align: justify\">Nastavak putovanja prema parku cvije\u0107a <strong>Mozirski gaj<\/strong>, mjesta koje postoji ve\u0107 vi\u0161e od 30 godina, kao jedan od najljep\u0161ih parkova u ovom dijelu Europe.\u00a0 Ovo mjesto skriva bezbroj cvjetnih kombinacija a u ovo doba godine tulipani su u punom cvatu. \u010ceka vas \u010dak 150.000 tulipana u 50 razli\u010ditih sorti, 20.000 ma\u0107uhica, 30.000 zumbula i nebrojeno puno proljetnih kombinacija i instalacija. Osim cvije\u0107a mo\u017eete u\u017eivati u obilasku etnografskih objekata poput selja\u010dke ku\u0107e, spremi\u0161ta za \u017eito, kova\u010dnice, p\u010delinjaka, mlina, kapelice sv. Valentina a na trenutak mo\u017eete u\u0161etati u \u00a0<strong>Za\u010darano selo<\/strong> u kojem \u0107ete upoznati \u010darobni svijet vila i drugih fantasti\u010dnih bi\u0107a. Vile, hobiti, patuljci, patuljci, vilenjaci, trolovi, zmajevi, vukovi i druga stvorenja prona\u0161la su svoj dom u Za\u010daranom selu.<\/p>\n<p style=\"text-align: justify\">Izlet privodimo kraju zaustavljanjem u mjestu <strong>\u017dalec<\/strong><strong>, <\/strong>gdje slijedi osvje\u017eenje pivom koje te\u010de iz fontane. Gradi\u0107 \u017dalec nalazi se u poznatoj Savinjskoj dolini koja je najve\u0107i proizvo\u0111a\u010d hmelja, stoga nije neobi\u010dno \u0161to se upravo ovdje smjestila prva pivska fontana na svijetu \u201eZeleno zlato\u201c, a zanimljiva je \u010dinjenica \u0161to je najve\u0107i dio sredstava za nju osigurao anonimni dobitnik eurojackpota. Odlazak do gradskog parka u kojemu se nalazi Fontana piva, gdje je mogu\u0107e iz staklene krigle degustirati pivo iz slavine(uz nadoplatu). Dolazak ku\u0107i predvi\u0111en je u ve\u010dernjim satima.<\/p>\n<h6><strong>Cijena aran\u017emana po osobi iznosi: 72,00\u20ac<\/strong><\/h6>\n<p style=\"text-align: justify\"><em>Cijena aran\u017emana ra\u0111ena je na bazi 40 osoba.<\/em> <em>Za putovanje vrijedi Ugovor i Op\u0107i uvjeti putovanja Niba Tours d.o.o.<\/em><\/p>\n<p style=\"text-align: justify\"><strong>Cijena aran\u017emana uklju\u010duje: <\/strong>prijevoz autobusom turisti\u010dke klase, voditelja putovanja, ulaznicu za Mozirski gaj, sve razglede prema programu, jam\u010devno osiguranje, osiguranje od odgovornosti, tro\u0161kovi organizacije i realizacije, PDV.<\/p>\n<p style=\"text-align: justify\"><strong>Cijena aran\u017emana ne uklju\u010duje: <\/strong>staklenu kriglu za degustaciju piva: 12\u20ac (6 puta po 1 dcl piva), osobni tro\u0161kovi, jela ili pi\u0107a.<\/p>\n<p style=\"text-align: center\"><strong><em>Sretan put i dobru zabavu \u017eeli Vam Niba Tours! <\/em><\/strong><\/p>\n<p>&nbsp;<\/p>\n<p>&nbsp;<\/p>\n<p>&nbsp;<\/p>\n<p><img loading=\"lazy\" decoding=\"async\" class=\"alignnone wp-image-4829\" src=\"https:\/\/www.nibatours.hr\/wp-content\/uploads\/2025\/12\/mozirski_gaj.jpg\" alt=\"\" width=\"255\" height=\"170\" srcset=\"https:\/\/www.nibatours.hr\/wp-content\/uploads\/2025\/12\/mozirski_gaj.jpg 1200w, https:\/\/www.nibatours.hr\/wp-content\/uploads\/2025\/12\/mozirski_gaj-300x200.jpg 300w, https:\/\/www.nibatours.hr\/wp-content\/uploads\/2025\/12\/mozirski_gaj-1024x683.jpg 1024w, https:\/\/www.nibatours.hr\/wp-content\/uploads\/2025\/12\/mozirski_gaj-768x512.jpg 768w, https:\/\/www.nibatours.hr\/wp-content\/uploads\/2025\/12\/mozirski_gaj-400x267.jpg 400w, https:\/\/www.nibatours.hr\/wp-content\/uploads\/2025\/12\/mozirski_gaj-600x400.jpg 600w\" sizes=\"auto, (max-width: 255px) 100vw, 255px\" \/><img loading=\"lazy\" decoding=\"async\" class=\"alignnone wp-image-4821\" src=\"https:\/\/www.nibatours.hr\/wp-content\/uploads\/2025\/12\/logarska-dolina-3.webp\" alt=\"\" width=\"325\" height=\"170\" srcset=\"https:\/\/www.nibatours.hr\/wp-content\/uploads\/2025\/12\/logarska-dolina-3.webp 1203w, https:\/\/www.nibatours.hr\/wp-content\/uploads\/2025\/12\/logarska-dolina-3-300x157.webp 300w, https:\/\/www.nibatours.hr\/wp-content\/uploads\/2025\/12\/logarska-dolina-3-1024x536.webp 1024w, https:\/\/www.nibatours.hr\/wp-content\/uploads\/2025\/12\/logarska-dolina-3-768x402.webp 768w, https:\/\/www.nibatours.hr\/wp-content\/uploads\/2025\/12\/logarska-dolina-3-600x314.webp 600w\" sizes=\"auto, (max-width: 325px) 100vw, 325px\" \/><img loading=\"lazy\" decoding=\"async\" class=\"alignnone wp-image-4825\" src=\"https:\/\/www.nibatours.hr\/wp-content\/uploads\/2025\/12\/mozirskigaj-pomlad-2023-razstava-04.webp\" alt=\"\" width=\"227\" height=\"170\" srcset=\"https:\/\/www.nibatours.hr\/wp-content\/uploads\/2025\/12\/mozirskigaj-pomlad-2023-razstava-04.webp 1600w, https:\/\/www.nibatours.hr\/wp-content\/uploads\/2025\/12\/mozirskigaj-pomlad-2023-razstava-04-300x225.webp 300w, https:\/\/www.nibatours.hr\/wp-content\/uploads\/2025\/12\/mozirskigaj-pomlad-2023-razstava-04-1024x768.webp 1024w, https:\/\/www.nibatours.hr\/wp-content\/uploads\/2025\/12\/mozirskigaj-pomlad-2023-razstava-04-768x576.webp 768w, https:\/\/www.nibatours.hr\/wp-content\/uploads\/2025\/12\/mozirskigaj-pomlad-2023-razstava-04-1536x1152.webp 1536w, https:\/\/www.nibatours.hr\/wp-content\/uploads\/2025\/12\/mozirskigaj-pomlad-2023-razstava-04-600x450.webp 600w\" sizes=\"auto, (max-width: 227px) 100vw, 227px\" \/><\/p>\n","protected":false},"excerpt":{"rendered":"<p>&nbsp; \u00a0 Termin: 26.04.2026. \u00a0 Polazak u jutarnjim satima sa usputnim pauzama tijekom puta prema Sloveniji do Savinjske doline. Dolazak do Logarske doline, za koju mnogi ka\u017eu da je \u201eraj na zemlji\u201c. Jedna je od najljep\u0161ih alpskih dolina u Sloveniji sa \u0161irokim ravnim dnom [&hellip;]<\/p>\n","protected":false},"featured_media":4833,"template":"","meta":[],"product_brand":[],"product_cat":[18,44],"product_tag":[],"class_list":{"0":"post-4820","1":"product","2":"type-product","3":"status-publish","4":"has-post-thumbnail","6":"product_cat-aktualna-putovanja","7":"product_cat-grupni-polasci","9":"first","10":"instock","11":"shipping-taxable","12":"purchasable","13":"product-type-simple"},"yoast_head":"<!-- This site is optimized with the Yoast SEO plugin v26.0 - https:\/\/yoast.com\/wordpress\/plugins\/seo\/ -->\n<title>LOGARSKA DOLINA I FESTIVAL TULIPANA - Niba Tours<\/title>\n<meta name=\"robots\" content=\"index, follow, max-snippet:-1, max-image-preview:large, max-video-preview:-1\" \/>\n<link rel=\"canonical\" href=\"https:\/\/www.nibatours.hr\/putovanja\/krstarenja\/grupni-polasci\/logarska-dolina-i-festival-tulipana-3\/\" \/>\n<meta property=\"og:locale\" content=\"en_US\" \/>\n<meta property=\"og:type\" content=\"article\" \/>\n<meta property=\"og:title\" content=\"LOGARSKA DOLINA I FESTIVAL TULIPANA - Niba Tours\" \/>\n<meta property=\"og:description\" content=\"&nbsp; \u00a0 Termin: 26.04.2026. \u00a0 Polazak u jutarnjim satima sa usputnim pauzama tijekom puta prema Sloveniji do Savinjske doline. Dolazak do Logarske doline, za koju mnogi ka\u017eu da je \u201eraj na zemlji\u201c. Jedna je od najljep\u0161ih alpskih dolina u Sloveniji sa \u0161irokim ravnim dnom [&hellip;]\" \/>\n<meta property=\"og:url\" content=\"https:\/\/www.nibatours.hr\/putovanja\/krstarenja\/grupni-polasci\/logarska-dolina-i-festival-tulipana-3\/\" \/>\n<meta property=\"og:site_name\" content=\"Niba Tours\" \/>\n<meta property=\"article:modified_time\" content=\"2026-03-17T08:16:09+00:00\" \/>\n<meta property=\"og:image\" content=\"https:\/\/www.nibatours.hr\/wp-content\/uploads\/2025\/12\/08_Brez-ovir_Tulipani-ogled-Mozirski-gaj.jpg\" \/>\n\t<meta property=\"og:image:width\" content=\"1200\" \/>\n\t<meta property=\"og:image:height\" content=\"675\" \/>\n\t<meta property=\"og:image:type\" content=\"image\/jpeg\" \/>\n<meta name=\"twitter:card\" content=\"summary_large_image\" \/>\n<meta name=\"twitter:label1\" content=\"Est. reading time\" \/>\n\t<meta name=\"twitter:data1\" content=\"3 minutes\" \/>\n<script type=\"application\/ld+json\" class=\"yoast-schema-graph\">{\"@context\":\"https:\/\/schema.org\",\"@graph\":[{\"@type\":\"WebPage\",\"@id\":\"https:\/\/www.nibatours.hr\/putovanja\/krstarenja\/grupni-polasci\/logarska-dolina-i-festival-tulipana-3\/\",\"url\":\"https:\/\/www.nibatours.hr\/putovanja\/krstarenja\/grupni-polasci\/logarska-dolina-i-festival-tulipana-3\/\",\"name\":\"LOGARSKA DOLINA I FESTIVAL TULIPANA - Niba Tours\",\"isPartOf\":{\"@id\":\"https:\/\/www.nibatours.hr\/#website\"},\"primaryImageOfPage\":{\"@id\":\"https:\/\/www.nibatours.hr\/putovanja\/krstarenja\/grupni-polasci\/logarska-dolina-i-festival-tulipana-3\/#primaryimage\"},\"image\":{\"@id\":\"https:\/\/www.nibatours.hr\/putovanja\/krstarenja\/grupni-polasci\/logarska-dolina-i-festival-tulipana-3\/#primaryimage\"},\"thumbnailUrl\":\"https:\/\/www.nibatours.hr\/wp-content\/uploads\/2025\/12\/08_Brez-ovir_Tulipani-ogled-Mozirski-gaj.jpg\",\"datePublished\":\"2025-12-15T14:29:47+00:00\",\"dateModified\":\"2026-03-17T08:16:09+00:00\",\"breadcrumb\":{\"@id\":\"https:\/\/www.nibatours.hr\/putovanja\/krstarenja\/grupni-polasci\/logarska-dolina-i-festival-tulipana-3\/#breadcrumb\"},\"inLanguage\":\"en-US\",\"potentialAction\":[{\"@type\":\"ReadAction\",\"target\":[\"https:\/\/www.nibatours.hr\/putovanja\/krstarenja\/grupni-polasci\/logarska-dolina-i-festival-tulipana-3\/\"]}]},{\"@type\":\"ImageObject\",\"inLanguage\":\"en-US\",\"@id\":\"https:\/\/www.nibatours.hr\/putovanja\/krstarenja\/grupni-polasci\/logarska-dolina-i-festival-tulipana-3\/#primaryimage\",\"url\":\"https:\/\/www.nibatours.hr\/wp-content\/uploads\/2025\/12\/08_Brez-ovir_Tulipani-ogled-Mozirski-gaj.jpg\",\"contentUrl\":\"https:\/\/www.nibatours.hr\/wp-content\/uploads\/2025\/12\/08_Brez-ovir_Tulipani-ogled-Mozirski-gaj.jpg\",\"width\":1200,\"height\":675},{\"@type\":\"BreadcrumbList\",\"@id\":\"https:\/\/www.nibatours.hr\/putovanja\/krstarenja\/grupni-polasci\/logarska-dolina-i-festival-tulipana-3\/#breadcrumb\",\"itemListElement\":[{\"@type\":\"ListItem\",\"position\":1,\"name\":\"Po\u010detna stranica\",\"item\":\"https:\/\/www.nibatours.hr\/en\/\"},{\"@type\":\"ListItem\",\"position\":2,\"name\":\"Proizvodi\",\"item\":\"https:\/\/www.nibatours.hr\/shop\/\"},{\"@type\":\"ListItem\",\"position\":3,\"name\":\"LOGARSKA DOLINA I FESTIVAL TULIPANA\"}]},{\"@type\":\"WebSite\",\"@id\":\"https:\/\/www.nibatours.hr\/#website\",\"url\":\"https:\/\/www.nibatours.hr\/\",\"name\":\"Niba Tours\",\"description\":\"Niba Tours - turisti\u010dka agencija\",\"potentialAction\":[{\"@type\":\"SearchAction\",\"target\":{\"@type\":\"EntryPoint\",\"urlTemplate\":\"https:\/\/www.nibatours.hr\/?s={search_term_string}\"},\"query-input\":{\"@type\":\"PropertyValueSpecification\",\"valueRequired\":true,\"valueName\":\"search_term_string\"}}],\"inLanguage\":\"en-US\"}]}<\/script>\n<!-- \/ Yoast SEO plugin. -->","yoast_head_json":{"title":"LOGARSKA DOLINA I FESTIVAL TULIPANA - Niba Tours","robots":{"index":"index","follow":"follow","max-snippet":"max-snippet:-1","max-image-preview":"max-image-preview:large","max-video-preview":"max-video-preview:-1"},"canonical":"https:\/\/www.nibatours.hr\/putovanja\/krstarenja\/grupni-polasci\/logarska-dolina-i-festival-tulipana-3\/","og_locale":"en_US","og_type":"article","og_title":"LOGARSKA DOLINA I FESTIVAL TULIPANA - Niba Tours","og_description":"&nbsp; \u00a0 Termin: 26.04.2026. \u00a0 Polazak u jutarnjim satima sa usputnim pauzama tijekom puta prema Sloveniji do Savinjske doline. Dolazak do Logarske doline, za koju mnogi ka\u017eu da je \u201eraj na zemlji\u201c. Jedna je od najljep\u0161ih alpskih dolina u Sloveniji sa \u0161irokim ravnim dnom [&hellip;]","og_url":"https:\/\/www.nibatours.hr\/putovanja\/krstarenja\/grupni-polasci\/logarska-dolina-i-festival-tulipana-3\/","og_site_name":"Niba Tours","article_modified_time":"2026-03-17T08:16:09+00:00","og_image":[{"width":1200,"height":675,"url":"https:\/\/www.nibatours.hr\/wp-content\/uploads\/2025\/12\/08_Brez-ovir_Tulipani-ogled-Mozirski-gaj.jpg","type":"image\/jpeg"}],"twitter_card":"summary_large_image","twitter_misc":{"Est. reading time":"3 minutes"},"schema":{"@context":"https:\/\/schema.org","@graph":[{"@type":"WebPage","@id":"https:\/\/www.nibatours.hr\/putovanja\/krstarenja\/grupni-polasci\/logarska-dolina-i-festival-tulipana-3\/","url":"https:\/\/www.nibatours.hr\/putovanja\/krstarenja\/grupni-polasci\/logarska-dolina-i-festival-tulipana-3\/","name":"LOGARSKA DOLINA I FESTIVAL TULIPANA - Niba Tours","isPartOf":{"@id":"https:\/\/www.nibatours.hr\/#website"},"primaryImageOfPage":{"@id":"https:\/\/www.nibatours.hr\/putovanja\/krstarenja\/grupni-polasci\/logarska-dolina-i-festival-tulipana-3\/#primaryimage"},"image":{"@id":"https:\/\/www.nibatours.hr\/putovanja\/krstarenja\/grupni-polasci\/logarska-dolina-i-festival-tulipana-3\/#primaryimage"},"thumbnailUrl":"https:\/\/www.nibatours.hr\/wp-content\/uploads\/2025\/12\/08_Brez-ovir_Tulipani-ogled-Mozirski-gaj.jpg","datePublished":"2025-12-15T14:29:47+00:00","dateModified":"2026-03-17T08:16:09+00:00","breadcrumb":{"@id":"https:\/\/www.nibatours.hr\/putovanja\/krstarenja\/grupni-polasci\/logarska-dolina-i-festival-tulipana-3\/#breadcrumb"},"inLanguage":"en-US","potentialAction":[{"@type":"ReadAction","target":["https:\/\/www.nibatours.hr\/putovanja\/krstarenja\/grupni-polasci\/logarska-dolina-i-festival-tulipana-3\/"]}]},{"@type":"ImageObject","inLanguage":"en-US","@id":"https:\/\/www.nibatours.hr\/putovanja\/krstarenja\/grupni-polasci\/logarska-dolina-i-festival-tulipana-3\/#primaryimage","url":"https:\/\/www.nibatours.hr\/wp-content\/uploads\/2025\/12\/08_Brez-ovir_Tulipani-ogled-Mozirski-gaj.jpg","contentUrl":"https:\/\/www.nibatours.hr\/wp-content\/uploads\/2025\/12\/08_Brez-ovir_Tulipani-ogled-Mozirski-gaj.jpg","width":1200,"height":675},{"@type":"BreadcrumbList","@id":"https:\/\/www.nibatours.hr\/putovanja\/krstarenja\/grupni-polasci\/logarska-dolina-i-festival-tulipana-3\/#breadcrumb","itemListElement":[{"@type":"ListItem","position":1,"name":"Po\u010detna stranica","item":"https:\/\/www.nibatours.hr\/en\/"},{"@type":"ListItem","position":2,"name":"Proizvodi","item":"https:\/\/www.nibatours.hr\/shop\/"},{"@type":"ListItem","position":3,"name":"LOGARSKA DOLINA I FESTIVAL TULIPANA"}]},{"@type":"WebSite","@id":"https:\/\/www.nibatours.hr\/#website","url":"https:\/\/www.nibatours.hr\/","name":"Niba Tours","description":"Niba Tours - turisti\u010dka agencija","potentialAction":[{"@type":"SearchAction","target":{"@type":"EntryPoint","urlTemplate":"https:\/\/www.nibatours.hr\/?s={search_term_string}"},"query-input":{"@type":"PropertyValueSpecification","valueRequired":true,"valueName":"search_term_string"}}],"inLanguage":"en-US"}]}},"_links":{"self":[{"href":"https:\/\/www.nibatours.hr\/en\/wp-json\/wp\/v2\/product\/4820","targetHints":{"allow":["GET"]}}],"collection":[{"href":"https:\/\/www.nibatours.hr\/en\/wp-json\/wp\/v2\/product"}],"about":[{"href":"https:\/\/www.nibatours.hr\/en\/wp-json\/wp\/v2\/types\/product"}],"wp:featuredmedia":[{"embeddable":true,"href":"https:\/\/www.nibatours.hr\/en\/wp-json\/wp\/v2\/media\/4833"}],"wp:attachment":[{"href":"https:\/\/www.nibatours.hr\/en\/wp-json\/wp\/v2\/media?parent=4820"}],"wp:term":[{"taxonomy":"product_brand","embeddable":true,"href":"https:\/\/www.nibatours.hr\/en\/wp-json\/wp\/v2\/product_brand?post=4820"},{"taxonomy":"product_cat","embeddable":true,"href":"https:\/\/www.nibatours.hr\/en\/wp-json\/wp\/v2\/product_cat?post=4820"},{"taxonomy":"product_tag","embeddable":true,"href":"https:\/\/www.nibatours.hr\/en\/wp-json\/wp\/v2\/product_tag?post=4820"}],"curies":[{"name":"wp","href":"https:\/\/api.w.org\/{rel}","templated":true}]}}