{"id":4787,"date":"2025-12-10T16:35:50","date_gmt":"2025-12-10T14:35:50","guid":{"rendered":"https:\/\/www.nibatours.hr\/?post_type=product&#038;p=4787"},"modified":"2026-02-04T12:57:52","modified_gmt":"2026-02-04T10:57:52","slug":"preko-peljeskog-mosta-do-carobnog-dubrovnika","status":"publish","type":"product","link":"https:\/\/www.nibatours.hr\/en\/putovanja\/aktualna-putovanja\/preko-peljeskog-mosta-do-carobnog-dubrovnika\/","title":{"rendered":"Preko Pelje\u0161kog mosta do \u010darobnog Dubrovnika"},"content":{"rendered":"<h5 style=\"text-align: center\"><strong><em>Preko Pelje\u0161kog mosta do \u010darobnog Dubrovnika<\/em><\/strong><\/h5>\n<p style=\"text-align: center\"><strong><em>\u00a0<\/em><\/strong><\/p>\n<p style=\"text-align: center\"><strong>TERMIN: 1. \u2013 3.5.2026.<\/strong><\/p>\n<p style=\"text-align: center\"><strong>3 DANA AUTOBUSOM<\/strong><\/p>\n<p style=\"text-align: center\"><strong>POLASCI: VIROVITICA, PITOMA\u010cA, \u0110UR\u0110EVAC, KOPRIVNICA <\/strong><\/p>\n<p>&nbsp;<\/p>\n<p style=\"text-align: justify\">1.DAN: Polazak u no\u0107nim satima iz Virovitice i Koprivnice udobnim turisti\u010dkim autobusom. Slijedi vo\u017enja autocestom uz kra\u0107a zaustavljanja za odmor. Vo\u017enja vodi preko impresivnog <strong>Pelje\u0161kog mosta<\/strong>, jednog od najve\u0107ih infrastrukturnih projekata u Hrvatskoj koji je omogu\u0107io kopnenu povezanost juga zemlje. Tijekom prelaska mosta pru\u017eaju se spektakularni pogledi na malostonski zaljev i pelje\u0161ki krajolik. Dolazak u <strong>Dubrovnik<\/strong> predvi\u0111en je u podnevnim satima. Po dolasku slijedi sastanak s lokalnim vodi\u010dem te obilazak veli\u010danstvene dubrova\u010dke stare gradske jezgre, koja se nalazi na UNESCO-ovoj listi svjetske ba\u0161tine. Pro\u0161etat \u0107emo Stradunom, zaviriti u skrivene uli\u010dice, doznati sve o Kne\u017eevu dvoru, crkvi sv. Vlaha, Orlandovom stupu i mnogim drugim povijesnim znamenitostima. Nakon razgleda slobodno vrijeme za vlastite programe \u2013 u\u017eivajte u jedinstvenoj atmosferi grada, fotografirajte, popijte kavu na terasi ili ru\u010dajte u nekom od mnogobrojnim restorana. U kasnim popodnevnim satima polazak prema Hotelu Ivka 4*, smje\u0161taj u sobe. Ve\u010der slobodna za odmor i individualne aktivnosti. No\u0107enje.<\/p>\n<p style=\"text-align: justify\">2.DAN: Nakon doru\u010dka u hotelu kre\u0107emo u jutarnju \u0161etnju prema najpoznatijoj dubrova\u010dkoj atrakciji \u2013 \u010duvenim gradskim zidinama. <strong>Dubrova\u010dke zidine<\/strong> jedne su od najve\u0107ih i najbolje o\u010duvanih fortifikacija u Europi koje pru\u017eaju nezaboravne panoramske prizore na stari grad, more i obli\u017enje otoke. Obilazak zidina traje pribli\u017eno dva sata, a svaka utvrda na ruti pri\u010da svoju povijesnu pri\u010du. Ostatak poslijepodneva rezerviran je za slobodno vrijeme u gradu. Preporu\u010dujemo opu\u0161teno istra\u017eivanje starog grada, u\u017eivanje u lokalnoj gastronomiji, kupovinu suvenira ili odmor uz more. Za one \u017eeljne dodatnog do\u017eivljaja, mogu\u0107 je fakultativni izlet brodom do <strong>otoka Lokruma <\/strong>(uz doplatu). Otok je poznat po rajskoj prirodi, \u0161etnicama, botani\u010dkom vrtu, Benediktinskom samostanu i jezercu \u201cMrtvo more\u201d. Savr\u0161ena je opcija za laganu \u0161etnju ili odmor u prirodi. Povratak u hotel. Slobodna ve\u010der za \u0161etnju lapadskom obalom. No\u0107enje.<\/p>\n<p style=\"text-align: justify\">3.DAN: Nakon doru\u010dka slijedi odjava iz hotela i polazak prema Stonu. Dolazak u <strong>Ston<\/strong>, mjesto poznato po slanim poljima i monumentalnim <strong>Stonskim zidinama<\/strong> \u2013 jednoj od najdu\u017eih obrambenih struktura u Europi. Obilazak zidina, a nakon toga i slobodno vrijeme za istra\u017eivanje mjesta ili ru\u010dak u jednoj od lokalnih konoba poznatih po vrhunskim morskim specijalitetima, posebno \u0161koljkama iz Malostonskog zaljeva. Nakon predaha u Stonu, slijedi nastavak vo\u017enje prema Virovitici i Koprivnici, uz povremena zaustavljanja. Dolazak u ve\u010dernjim satima.<\/p>\n<p>&nbsp;<\/p>\n<p><strong>CIJENA ARAN\u017dMANA PO OSOBI IZNOSI: 310,00\u20ac<\/strong><\/p>\n<p><em>Kalkulacija je ra\u0111ena na bazi 40 putnika. Za ovaj program vrijede Op\u0107i uvjeti putovanja Niba Tours d.o.o.<\/em><\/p>\n<p><em>*Mogu\u0107nost otplate u 6 rata bez kamata \u2013 gotovina\/kartica u poslovnicama, mobilno\/Internet bankarstvo, uplatnica<\/em><\/p>\n<p><strong>CIJENA ARAN\u017dMANA UKLJU\u010cUJE:<\/strong><\/p>\n<ul>\n<li>prijevoz autobusom turisti\u010dke klase<\/li>\n<li>licenciranog turisti\u010dkog pratitelja tijekom puta<\/li>\n<li>smje\u0161taj na bazi 2 no\u0107enja s doru\u010dkom u Hotelu Ivka 4*<\/li>\n<li>boravi\u0161nu pristojbu<\/li>\n<li>ulaznice za Dubrova\u010dke zidine i Stonske zidine<\/li>\n<li>tro\u0161kove lokalnog vodi\u010da za Dubrovnik sa slu\u0161alicama za razgled<\/li>\n<li>sve razglede prema programu<\/li>\n<li>jam\u010devno osiguranje<\/li>\n<li>osiguranje od odgovornosti<\/li>\n<li>tro\u0161kove organizacije putovanja, PDV<\/li>\n<\/ul>\n<p>&nbsp;<\/p>\n<p><strong>CIJENA ARAN\u017dMANA NE UKLJU\u010cUJE:<\/strong><\/p>\n<ul>\n<li>izlet brodom na otok Lokrum \u2013 30,00\u20ac (odrasli), 5,00\u20ac (djeca od 7 \u2013 18 godina)<\/li>\n<li>nadoplata za jednokrevetnu sobu &#8211; 45,00\u20ac po no\u0107enju = 90,00\u20ac<\/li>\n<\/ul>\n<p style=\"text-align: center\"><strong><em>Sretan put i dobru zabavu \u017eeli Vam Niba Tours!<\/em><\/strong><\/p>\n<p><img loading=\"lazy\" decoding=\"async\" class=\"alignnone size-medium wp-image-4790\" src=\"https:\/\/www.nibatours.hr\/wp-content\/uploads\/2025\/12\/pexels-lucianphotography-3566139-300x200.jpg\" alt=\"\" width=\"300\" height=\"200\" srcset=\"https:\/\/www.nibatours.hr\/wp-content\/uploads\/2025\/12\/pexels-lucianphotography-3566139-300x200.jpg 300w, https:\/\/www.nibatours.hr\/wp-content\/uploads\/2025\/12\/pexels-lucianphotography-3566139-1024x682.jpg 1024w, https:\/\/www.nibatours.hr\/wp-content\/uploads\/2025\/12\/pexels-lucianphotography-3566139-768x512.jpg 768w, https:\/\/www.nibatours.hr\/wp-content\/uploads\/2025\/12\/pexels-lucianphotography-3566139-1536x1023.jpg 1536w, https:\/\/www.nibatours.hr\/wp-content\/uploads\/2025\/12\/pexels-lucianphotography-3566139-2048x1364.jpg 2048w, https:\/\/www.nibatours.hr\/wp-content\/uploads\/2025\/12\/pexels-lucianphotography-3566139-400x267.jpg 400w, https:\/\/www.nibatours.hr\/wp-content\/uploads\/2025\/12\/pexels-lucianphotography-3566139-600x400.jpg 600w\" sizes=\"auto, (max-width: 300px) 100vw, 300px\" \/> <img loading=\"lazy\" decoding=\"async\" class=\"alignnone size-medium wp-image-4795\" src=\"https:\/\/www.nibatours.hr\/wp-content\/uploads\/2025\/12\/pexels-mateusz-popek-571455082-17258690-300x200.jpg\" alt=\"\" width=\"300\" height=\"200\" srcset=\"https:\/\/www.nibatours.hr\/wp-content\/uploads\/2025\/12\/pexels-mateusz-popek-571455082-17258690-300x200.jpg 300w, https:\/\/www.nibatours.hr\/wp-content\/uploads\/2025\/12\/pexels-mateusz-popek-571455082-17258690-1024x683.jpg 1024w, https:\/\/www.nibatours.hr\/wp-content\/uploads\/2025\/12\/pexels-mateusz-popek-571455082-17258690-768x512.jpg 768w, https:\/\/www.nibatours.hr\/wp-content\/uploads\/2025\/12\/pexels-mateusz-popek-571455082-17258690-1536x1024.jpg 1536w, https:\/\/www.nibatours.hr\/wp-content\/uploads\/2025\/12\/pexels-mateusz-popek-571455082-17258690-2048x1365.jpg 2048w, https:\/\/www.nibatours.hr\/wp-content\/uploads\/2025\/12\/pexels-mateusz-popek-571455082-17258690-400x267.jpg 400w, https:\/\/www.nibatours.hr\/wp-content\/uploads\/2025\/12\/pexels-mateusz-popek-571455082-17258690-600x400.jpg 600w\" sizes=\"auto, (max-width: 300px) 100vw, 300px\" \/> <img loading=\"lazy\" decoding=\"async\" class=\"alignnone size-medium wp-image-4800\" src=\"https:\/\/www.nibatours.hr\/wp-content\/uploads\/2025\/12\/pexels-nikola-kojevic-1608684723-30160273-300x200.jpg\" alt=\"\" width=\"300\" height=\"200\" srcset=\"https:\/\/www.nibatours.hr\/wp-content\/uploads\/2025\/12\/pexels-nikola-kojevic-1608684723-30160273-300x200.jpg 300w, https:\/\/www.nibatours.hr\/wp-content\/uploads\/2025\/12\/pexels-nikola-kojevic-1608684723-30160273-1024x683.jpg 1024w, https:\/\/www.nibatours.hr\/wp-content\/uploads\/2025\/12\/pexels-nikola-kojevic-1608684723-30160273-768x512.jpg 768w, https:\/\/www.nibatours.hr\/wp-content\/uploads\/2025\/12\/pexels-nikola-kojevic-1608684723-30160273-1536x1024.jpg 1536w, https:\/\/www.nibatours.hr\/wp-content\/uploads\/2025\/12\/pexels-nikola-kojevic-1608684723-30160273-2048x1365.jpg 2048w, https:\/\/www.nibatours.hr\/wp-content\/uploads\/2025\/12\/pexels-nikola-kojevic-1608684723-30160273-400x267.jpg 400w, https:\/\/www.nibatours.hr\/wp-content\/uploads\/2025\/12\/pexels-nikola-kojevic-1608684723-30160273-600x400.jpg 600w\" sizes=\"auto, (max-width: 300px) 100vw, 300px\" \/><\/p>\n<p>&nbsp;<\/p>\n","protected":false},"excerpt":{"rendered":"<p>Preko Pelje\u0161kog mosta do \u010darobnog Dubrovnika \u00a0 TERMIN: 1. \u2013 3.5.2026. 3 DANA AUTOBUSOM POLASCI: VIROVITICA, PITOMA\u010cA, \u0110UR\u0110EVAC, KOPRIVNICA &nbsp; 1.DAN: Polazak u no\u0107nim satima iz Virovitice i Koprivnice udobnim turisti\u010dkim autobusom. Slijedi vo\u017enja autocestom uz kra\u0107a zaustavljanja za odmor. Vo\u017enja vodi preko impresivnog [&hellip;]<\/p>\n","protected":false},"featured_media":4795,"template":"","meta":[],"product_brand":[],"product_cat":[18],"product_tag":[1019,1020,801,930,869,965,1021,964,904],"class_list":{"0":"post-4787","1":"product","2":"type-product","3":"status-publish","4":"has-post-thumbnail","6":"product_cat-aktualna-putovanja","7":"product_tag-1-maj","8":"product_tag-dubrovnik","9":"product_tag-izlet","10":"product_tag-more","11":"product_tag-peljeski-most","12":"product_tag-plaza","13":"product_tag-produzeni-vikend","14":"product_tag-sunce","15":"product_tag-vikend","17":"first","18":"instock","19":"shipping-taxable","20":"purchasable","21":"product-type-simple"},"yoast_head":"<!-- This site is optimized with the Yoast SEO plugin v26.0 - https:\/\/yoast.com\/wordpress\/plugins\/seo\/ -->\n<title>Preko Pelje\u0161kog mosta do \u010darobnog Dubrovnika - Niba Tours<\/title>\n<meta name=\"robots\" content=\"index, follow, max-snippet:-1, max-image-preview:large, max-video-preview:-1\" \/>\n<link rel=\"canonical\" href=\"https:\/\/www.nibatours.hr\/putovanja\/aktualna-putovanja\/preko-peljeskog-mosta-do-carobnog-dubrovnika\/\" \/>\n<meta property=\"og:locale\" content=\"en_US\" \/>\n<meta property=\"og:type\" content=\"article\" \/>\n<meta property=\"og:title\" content=\"Preko Pelje\u0161kog mosta do \u010darobnog Dubrovnika - Niba Tours\" \/>\n<meta property=\"og:description\" content=\"Preko Pelje\u0161kog mosta do \u010darobnog Dubrovnika \u00a0 TERMIN: 1. \u2013 3.5.2026. 3 DANA AUTOBUSOM POLASCI: VIROVITICA, PITOMA\u010cA, \u0110UR\u0110EVAC, KOPRIVNICA &nbsp; 1.DAN: Polazak u no\u0107nim satima iz Virovitice i Koprivnice udobnim turisti\u010dkim autobusom. Slijedi vo\u017enja autocestom uz kra\u0107a zaustavljanja za odmor. Vo\u017enja vodi preko impresivnog [&hellip;]\" \/>\n<meta property=\"og:url\" content=\"https:\/\/www.nibatours.hr\/putovanja\/aktualna-putovanja\/preko-peljeskog-mosta-do-carobnog-dubrovnika\/\" \/>\n<meta property=\"og:site_name\" content=\"Niba Tours\" \/>\n<meta property=\"article:modified_time\" content=\"2026-02-04T10:57:52+00:00\" \/>\n<meta property=\"og:image\" content=\"https:\/\/www.nibatours.hr\/wp-content\/uploads\/2025\/12\/pexels-mateusz-popek-571455082-17258690-scaled.jpg\" \/>\n\t<meta property=\"og:image:width\" content=\"2560\" \/>\n\t<meta property=\"og:image:height\" content=\"1707\" \/>\n\t<meta property=\"og:image:type\" content=\"image\/jpeg\" \/>\n<meta name=\"twitter:card\" content=\"summary_large_image\" \/>\n<meta name=\"twitter:label1\" content=\"Est. reading time\" \/>\n\t<meta name=\"twitter:data1\" content=\"4 minutes\" \/>\n<script type=\"application\/ld+json\" class=\"yoast-schema-graph\">{\"@context\":\"https:\/\/schema.org\",\"@graph\":[{\"@type\":\"WebPage\",\"@id\":\"https:\/\/www.nibatours.hr\/putovanja\/aktualna-putovanja\/preko-peljeskog-mosta-do-carobnog-dubrovnika\/\",\"url\":\"https:\/\/www.nibatours.hr\/putovanja\/aktualna-putovanja\/preko-peljeskog-mosta-do-carobnog-dubrovnika\/\",\"name\":\"Preko Pelje\u0161kog mosta do \u010darobnog Dubrovnika - Niba Tours\",\"isPartOf\":{\"@id\":\"https:\/\/www.nibatours.hr\/#website\"},\"primaryImageOfPage\":{\"@id\":\"https:\/\/www.nibatours.hr\/putovanja\/aktualna-putovanja\/preko-peljeskog-mosta-do-carobnog-dubrovnika\/#primaryimage\"},\"image\":{\"@id\":\"https:\/\/www.nibatours.hr\/putovanja\/aktualna-putovanja\/preko-peljeskog-mosta-do-carobnog-dubrovnika\/#primaryimage\"},\"thumbnailUrl\":\"https:\/\/www.nibatours.hr\/wp-content\/uploads\/2025\/12\/pexels-mateusz-popek-571455082-17258690-scaled.jpg\",\"datePublished\":\"2025-12-10T14:35:50+00:00\",\"dateModified\":\"2026-02-04T10:57:52+00:00\",\"breadcrumb\":{\"@id\":\"https:\/\/www.nibatours.hr\/putovanja\/aktualna-putovanja\/preko-peljeskog-mosta-do-carobnog-dubrovnika\/#breadcrumb\"},\"inLanguage\":\"en-US\",\"potentialAction\":[{\"@type\":\"ReadAction\",\"target\":[\"https:\/\/www.nibatours.hr\/putovanja\/aktualna-putovanja\/preko-peljeskog-mosta-do-carobnog-dubrovnika\/\"]}]},{\"@type\":\"ImageObject\",\"inLanguage\":\"en-US\",\"@id\":\"https:\/\/www.nibatours.hr\/putovanja\/aktualna-putovanja\/preko-peljeskog-mosta-do-carobnog-dubrovnika\/#primaryimage\",\"url\":\"https:\/\/www.nibatours.hr\/wp-content\/uploads\/2025\/12\/pexels-mateusz-popek-571455082-17258690-scaled.jpg\",\"contentUrl\":\"https:\/\/www.nibatours.hr\/wp-content\/uploads\/2025\/12\/pexels-mateusz-popek-571455082-17258690-scaled.jpg\",\"width\":2560,\"height\":1707},{\"@type\":\"BreadcrumbList\",\"@id\":\"https:\/\/www.nibatours.hr\/putovanja\/aktualna-putovanja\/preko-peljeskog-mosta-do-carobnog-dubrovnika\/#breadcrumb\",\"itemListElement\":[{\"@type\":\"ListItem\",\"position\":1,\"name\":\"Po\u010detna stranica\",\"item\":\"https:\/\/www.nibatours.hr\/en\/\"},{\"@type\":\"ListItem\",\"position\":2,\"name\":\"Proizvodi\",\"item\":\"https:\/\/www.nibatours.hr\/shop\/\"},{\"@type\":\"ListItem\",\"position\":3,\"name\":\"Preko Pelje\u0161kog mosta do \u010darobnog Dubrovnika\"}]},{\"@type\":\"WebSite\",\"@id\":\"https:\/\/www.nibatours.hr\/#website\",\"url\":\"https:\/\/www.nibatours.hr\/\",\"name\":\"Niba Tours\",\"description\":\"Niba Tours - turisti\u010dka agencija\",\"potentialAction\":[{\"@type\":\"SearchAction\",\"target\":{\"@type\":\"EntryPoint\",\"urlTemplate\":\"https:\/\/www.nibatours.hr\/?s={search_term_string}\"},\"query-input\":{\"@type\":\"PropertyValueSpecification\",\"valueRequired\":true,\"valueName\":\"search_term_string\"}}],\"inLanguage\":\"en-US\"}]}<\/script>\n<!-- \/ Yoast SEO plugin. -->","yoast_head_json":{"title":"Preko Pelje\u0161kog mosta do \u010darobnog Dubrovnika - Niba Tours","robots":{"index":"index","follow":"follow","max-snippet":"max-snippet:-1","max-image-preview":"max-image-preview:large","max-video-preview":"max-video-preview:-1"},"canonical":"https:\/\/www.nibatours.hr\/putovanja\/aktualna-putovanja\/preko-peljeskog-mosta-do-carobnog-dubrovnika\/","og_locale":"en_US","og_type":"article","og_title":"Preko Pelje\u0161kog mosta do \u010darobnog Dubrovnika - Niba Tours","og_description":"Preko Pelje\u0161kog mosta do \u010darobnog Dubrovnika \u00a0 TERMIN: 1. \u2013 3.5.2026. 3 DANA AUTOBUSOM POLASCI: VIROVITICA, PITOMA\u010cA, \u0110UR\u0110EVAC, KOPRIVNICA &nbsp; 1.DAN: Polazak u no\u0107nim satima iz Virovitice i Koprivnice udobnim turisti\u010dkim autobusom. Slijedi vo\u017enja autocestom uz kra\u0107a zaustavljanja za odmor. Vo\u017enja vodi preko impresivnog [&hellip;]","og_url":"https:\/\/www.nibatours.hr\/putovanja\/aktualna-putovanja\/preko-peljeskog-mosta-do-carobnog-dubrovnika\/","og_site_name":"Niba Tours","article_modified_time":"2026-02-04T10:57:52+00:00","og_image":[{"width":2560,"height":1707,"url":"https:\/\/www.nibatours.hr\/wp-content\/uploads\/2025\/12\/pexels-mateusz-popek-571455082-17258690-scaled.jpg","type":"image\/jpeg"}],"twitter_card":"summary_large_image","twitter_misc":{"Est. reading time":"4 minutes"},"schema":{"@context":"https:\/\/schema.org","@graph":[{"@type":"WebPage","@id":"https:\/\/www.nibatours.hr\/putovanja\/aktualna-putovanja\/preko-peljeskog-mosta-do-carobnog-dubrovnika\/","url":"https:\/\/www.nibatours.hr\/putovanja\/aktualna-putovanja\/preko-peljeskog-mosta-do-carobnog-dubrovnika\/","name":"Preko Pelje\u0161kog mosta do \u010darobnog Dubrovnika - Niba Tours","isPartOf":{"@id":"https:\/\/www.nibatours.hr\/#website"},"primaryImageOfPage":{"@id":"https:\/\/www.nibatours.hr\/putovanja\/aktualna-putovanja\/preko-peljeskog-mosta-do-carobnog-dubrovnika\/#primaryimage"},"image":{"@id":"https:\/\/www.nibatours.hr\/putovanja\/aktualna-putovanja\/preko-peljeskog-mosta-do-carobnog-dubrovnika\/#primaryimage"},"thumbnailUrl":"https:\/\/www.nibatours.hr\/wp-content\/uploads\/2025\/12\/pexels-mateusz-popek-571455082-17258690-scaled.jpg","datePublished":"2025-12-10T14:35:50+00:00","dateModified":"2026-02-04T10:57:52+00:00","breadcrumb":{"@id":"https:\/\/www.nibatours.hr\/putovanja\/aktualna-putovanja\/preko-peljeskog-mosta-do-carobnog-dubrovnika\/#breadcrumb"},"inLanguage":"en-US","potentialAction":[{"@type":"ReadAction","target":["https:\/\/www.nibatours.hr\/putovanja\/aktualna-putovanja\/preko-peljeskog-mosta-do-carobnog-dubrovnika\/"]}]},{"@type":"ImageObject","inLanguage":"en-US","@id":"https:\/\/www.nibatours.hr\/putovanja\/aktualna-putovanja\/preko-peljeskog-mosta-do-carobnog-dubrovnika\/#primaryimage","url":"https:\/\/www.nibatours.hr\/wp-content\/uploads\/2025\/12\/pexels-mateusz-popek-571455082-17258690-scaled.jpg","contentUrl":"https:\/\/www.nibatours.hr\/wp-content\/uploads\/2025\/12\/pexels-mateusz-popek-571455082-17258690-scaled.jpg","width":2560,"height":1707},{"@type":"BreadcrumbList","@id":"https:\/\/www.nibatours.hr\/putovanja\/aktualna-putovanja\/preko-peljeskog-mosta-do-carobnog-dubrovnika\/#breadcrumb","itemListElement":[{"@type":"ListItem","position":1,"name":"Po\u010detna stranica","item":"https:\/\/www.nibatours.hr\/en\/"},{"@type":"ListItem","position":2,"name":"Proizvodi","item":"https:\/\/www.nibatours.hr\/shop\/"},{"@type":"ListItem","position":3,"name":"Preko Pelje\u0161kog mosta do \u010darobnog Dubrovnika"}]},{"@type":"WebSite","@id":"https:\/\/www.nibatours.hr\/#website","url":"https:\/\/www.nibatours.hr\/","name":"Niba Tours","description":"Niba Tours - turisti\u010dka agencija","potentialAction":[{"@type":"SearchAction","target":{"@type":"EntryPoint","urlTemplate":"https:\/\/www.nibatours.hr\/?s={search_term_string}"},"query-input":{"@type":"PropertyValueSpecification","valueRequired":true,"valueName":"search_term_string"}}],"inLanguage":"en-US"}]}},"_links":{"self":[{"href":"https:\/\/www.nibatours.hr\/en\/wp-json\/wp\/v2\/product\/4787","targetHints":{"allow":["GET"]}}],"collection":[{"href":"https:\/\/www.nibatours.hr\/en\/wp-json\/wp\/v2\/product"}],"about":[{"href":"https:\/\/www.nibatours.hr\/en\/wp-json\/wp\/v2\/types\/product"}],"wp:featuredmedia":[{"embeddable":true,"href":"https:\/\/www.nibatours.hr\/en\/wp-json\/wp\/v2\/media\/4795"}],"wp:attachment":[{"href":"https:\/\/www.nibatours.hr\/en\/wp-json\/wp\/v2\/media?parent=4787"}],"wp:term":[{"taxonomy":"product_brand","embeddable":true,"href":"https:\/\/www.nibatours.hr\/en\/wp-json\/wp\/v2\/product_brand?post=4787"},{"taxonomy":"product_cat","embeddable":true,"href":"https:\/\/www.nibatours.hr\/en\/wp-json\/wp\/v2\/product_cat?post=4787"},{"taxonomy":"product_tag","embeddable":true,"href":"https:\/\/www.nibatours.hr\/en\/wp-json\/wp\/v2\/product_tag?post=4787"}],"curies":[{"name":"wp","href":"https:\/\/api.w.org\/{rel}","templated":true}]}}