{"id":4765,"date":"2025-12-09T13:49:07","date_gmt":"2025-12-09T11:49:07","guid":{"rendered":"https:\/\/www.nibatours.hr\/?post_type=product&#038;p=4765"},"modified":"2025-12-09T13:49:07","modified_gmt":"2025-12-09T11:49:07","slug":"brijuni-pula-2","status":"publish","type":"product","link":"https:\/\/www.nibatours.hr\/en\/putovanja\/aktualna-putovanja\/brijuni-pula-2\/","title":{"rendered":"Brijuni &amp; Pula"},"content":{"rendered":"<p style=\"text-align: center\"><em>Razgled grada uz lokalnog vodi\u010da i ulazak u Pulski amfiteatar<\/em><\/p>\n<p style=\"text-align: justify\">Polazak grupe autobusom iz Virovitice, usputnih stanica i Koprivnice u jutarnjim satima te vo\u017enja prema Istri uz pauze prema potrebi grupe. Dolazak u Fa\u017eanu i ukrcaj na turisti\u010dki brodi\u0107 kojim se plovi prema Nacionalnom parku Brijuni. Slijedi razgled parka uz stru\u010dnog vodi\u010da: obilazak oto\u010dnih znamenitosti, zelenih povr\u0161ina, safari-parka i bogate povijesne ba\u0161tine. Nakon obilaska povratak u Fa\u017eanu te nastavak putovanja autobusom prema Puli. Po dolasku razgled grada uz lokalnog vodi\u010da: rimske znamenitosti, stara jezgra i gradske atrakcije. Zainteresirani \u0107e imati mogu\u0107nost posjetiti i Pulski amfiteatar \u2013 jedan od najbolje o\u010duvanih rimskih amfiteatara, poznat po svojoj impozantnoj arhitekturi i povijesti gladijatorskih borbi. Nakon razgleda predvi\u0111eno je slobodno vrijeme za osobne aktivnosti. U dogovoreno vrijeme okupljanje grupe i povratak prema mjestima polaska. O\u010dekivani dolazak u ve\u010dernjim satima.<\/p>\n<p><strong>\u00a0<\/strong><\/p>\n<p><strong>Cijena aran\u017emana po osobi iznosi: 80,00\u20ac.<\/strong><\/p>\n<p><em>Cijena je formirana na bazi 40 osoba. Za putovanje vrijedi Ugovor i Op\u0107i uvjeti putovanja NIBA TOURS d.o.o.<\/em><\/p>\n<p><em>*mogu\u0107nost otplate aran\u017emana u 3 rate gotovinski, karti\u010dno ili e \u2013 bankarstvom <\/em><\/p>\n<p>&nbsp;<\/p>\n<p><strong>Cijena aran\u017emana uklju\u010duje: <\/strong>prijevoz autobusom turisti\u010dke klase, voditelja na cijelom putovanju, razgled Pule uz lokalnog vodi\u010da, jam\u010devno osiguranje za turisti\u010dke paket aran\u017emane, tro\u0161kove organizacije i realizacije putovanja, PDV.<\/p>\n<p><strong>Cijena aran\u017emana ne uklju\u010duje:<\/strong> ulaznicu za NP Brijuni (odrasli 30,00\u20ac, seniori 65+ 25,00\u20ac, djeca od 7 do 18g. 13,00\u20ac), ulaznicu za Amfiteatar u Puli (odrasli 10,00\u20ac, djeca 5,00\u20ac).<\/p>\n<p><img loading=\"lazy\" decoding=\"async\" class=\"\" src=\"https:\/\/darojkovic.hr\/wp-content\/uploads\/2021\/03\/NP-BRIJUNI.jpg\" alt=\"Darojkovi\u0107 | Jednodnevni izlet - NP Brijuni i Pula\" width=\"300\" height=\"177\" \/> <img loading=\"lazy\" decoding=\"async\" class=\"\" src=\"https:\/\/media-cdn.tripadvisor.com\/media\/attractions-splice-spp-674x446\/06\/6c\/81\/c2.jpg\" alt=\"2025 Pula Walking Food Tour - with Trusted Reviews\" width=\"266\" height=\"177\" \/> <img loading=\"lazy\" decoding=\"async\" class=\"\" src=\"https:\/\/www.np-brijuni.hr\/imagecache\/maxsize\/6f67e492-4a50-4136-93fd-89f06287a549\/11-03-2019\/dinosaur_brijuni.jpg\" alt=\"Dinosauri na Brijunima | Nacionalni park Brijuni\" width=\"266\" height=\"177\" \/><\/p>\n<p style=\"text-align: center\"><strong><em>Sretan put i dobru zabavu \u017eeli Vam Niba Tours!!<\/em><\/strong><\/p>\n","protected":false},"excerpt":{"rendered":"<p>Razgled grada uz lokalnog vodi\u010da i ulazak u Pulski amfiteatar Polazak grupe autobusom iz Virovitice, usputnih stanica i Koprivnice u jutarnjim satima te vo\u017enja prema Istri uz pauze prema potrebi grupe. Dolazak u Fa\u017eanu i ukrcaj na turisti\u010dki brodi\u0107 kojim se plovi prema Nacionalnom [&hellip;]<\/p>\n","protected":false},"featured_media":4766,"template":"","meta":[],"product_brand":[],"product_cat":[18],"product_tag":[],"class_list":{"0":"post-4765","1":"product","2":"type-product","3":"status-publish","4":"has-post-thumbnail","6":"product_cat-aktualna-putovanja","8":"first","9":"instock","10":"shipping-taxable","11":"purchasable","12":"product-type-simple"},"yoast_head":"<!-- This site is optimized with the Yoast SEO plugin v26.0 - https:\/\/yoast.com\/wordpress\/plugins\/seo\/ -->\n<title>Brijuni &amp; Pula - Niba Tours<\/title>\n<meta name=\"robots\" content=\"index, follow, max-snippet:-1, max-image-preview:large, max-video-preview:-1\" \/>\n<link rel=\"canonical\" href=\"https:\/\/www.nibatours.hr\/putovanja\/aktualna-putovanja\/brijuni-pula-2\/\" \/>\n<meta property=\"og:locale\" content=\"en_US\" \/>\n<meta property=\"og:type\" content=\"article\" \/>\n<meta property=\"og:title\" content=\"Brijuni &amp; Pula - Niba Tours\" \/>\n<meta property=\"og:description\" content=\"Razgled grada uz lokalnog vodi\u010da i ulazak u Pulski amfiteatar Polazak grupe autobusom iz Virovitice, usputnih stanica i Koprivnice u jutarnjim satima te vo\u017enja prema Istri uz pauze prema potrebi grupe. Dolazak u Fa\u017eanu i ukrcaj na turisti\u010dki brodi\u0107 kojim se plovi prema Nacionalnom [&hellip;]\" \/>\n<meta property=\"og:url\" content=\"https:\/\/www.nibatours.hr\/putovanja\/aktualna-putovanja\/brijuni-pula-2\/\" \/>\n<meta property=\"og:site_name\" content=\"Niba Tours\" \/>\n<meta property=\"og:image\" content=\"https:\/\/www.nibatours.hr\/wp-content\/uploads\/2025\/12\/hrvatska-pula-arena-3.jpg\" \/>\n\t<meta property=\"og:image:width\" content=\"1100\" \/>\n\t<meta property=\"og:image:height\" content=\"600\" \/>\n\t<meta property=\"og:image:type\" content=\"image\/jpeg\" \/>\n<meta name=\"twitter:card\" content=\"summary_large_image\" \/>\n<meta name=\"twitter:label1\" content=\"Est. reading time\" \/>\n\t<meta name=\"twitter:data1\" content=\"3 minutes\" \/>\n<script type=\"application\/ld+json\" class=\"yoast-schema-graph\">{\"@context\":\"https:\/\/schema.org\",\"@graph\":[{\"@type\":\"WebPage\",\"@id\":\"https:\/\/www.nibatours.hr\/putovanja\/aktualna-putovanja\/brijuni-pula-2\/\",\"url\":\"https:\/\/www.nibatours.hr\/putovanja\/aktualna-putovanja\/brijuni-pula-2\/\",\"name\":\"Brijuni &amp; Pula - Niba Tours\",\"isPartOf\":{\"@id\":\"https:\/\/www.nibatours.hr\/#website\"},\"primaryImageOfPage\":{\"@id\":\"https:\/\/www.nibatours.hr\/putovanja\/aktualna-putovanja\/brijuni-pula-2\/#primaryimage\"},\"image\":{\"@id\":\"https:\/\/www.nibatours.hr\/putovanja\/aktualna-putovanja\/brijuni-pula-2\/#primaryimage\"},\"thumbnailUrl\":\"https:\/\/www.nibatours.hr\/wp-content\/uploads\/2025\/12\/hrvatska-pula-arena-3.jpg\",\"datePublished\":\"2025-12-09T11:49:07+00:00\",\"breadcrumb\":{\"@id\":\"https:\/\/www.nibatours.hr\/putovanja\/aktualna-putovanja\/brijuni-pula-2\/#breadcrumb\"},\"inLanguage\":\"en-US\",\"potentialAction\":[{\"@type\":\"ReadAction\",\"target\":[\"https:\/\/www.nibatours.hr\/putovanja\/aktualna-putovanja\/brijuni-pula-2\/\"]}]},{\"@type\":\"ImageObject\",\"inLanguage\":\"en-US\",\"@id\":\"https:\/\/www.nibatours.hr\/putovanja\/aktualna-putovanja\/brijuni-pula-2\/#primaryimage\",\"url\":\"https:\/\/www.nibatours.hr\/wp-content\/uploads\/2025\/12\/hrvatska-pula-arena-3.jpg\",\"contentUrl\":\"https:\/\/www.nibatours.hr\/wp-content\/uploads\/2025\/12\/hrvatska-pula-arena-3.jpg\",\"width\":1100,\"height\":600},{\"@type\":\"BreadcrumbList\",\"@id\":\"https:\/\/www.nibatours.hr\/putovanja\/aktualna-putovanja\/brijuni-pula-2\/#breadcrumb\",\"itemListElement\":[{\"@type\":\"ListItem\",\"position\":1,\"name\":\"Po\u010detna stranica\",\"item\":\"https:\/\/www.nibatours.hr\/en\/\"},{\"@type\":\"ListItem\",\"position\":2,\"name\":\"Proizvodi\",\"item\":\"https:\/\/www.nibatours.hr\/shop\/\"},{\"@type\":\"ListItem\",\"position\":3,\"name\":\"Brijuni &amp; Pula\"}]},{\"@type\":\"WebSite\",\"@id\":\"https:\/\/www.nibatours.hr\/#website\",\"url\":\"https:\/\/www.nibatours.hr\/\",\"name\":\"Niba Tours\",\"description\":\"Niba Tours - turisti\u010dka agencija\",\"potentialAction\":[{\"@type\":\"SearchAction\",\"target\":{\"@type\":\"EntryPoint\",\"urlTemplate\":\"https:\/\/www.nibatours.hr\/?s={search_term_string}\"},\"query-input\":{\"@type\":\"PropertyValueSpecification\",\"valueRequired\":true,\"valueName\":\"search_term_string\"}}],\"inLanguage\":\"en-US\"}]}<\/script>\n<!-- \/ Yoast SEO plugin. -->","yoast_head_json":{"title":"Brijuni &amp; Pula - Niba Tours","robots":{"index":"index","follow":"follow","max-snippet":"max-snippet:-1","max-image-preview":"max-image-preview:large","max-video-preview":"max-video-preview:-1"},"canonical":"https:\/\/www.nibatours.hr\/putovanja\/aktualna-putovanja\/brijuni-pula-2\/","og_locale":"en_US","og_type":"article","og_title":"Brijuni &amp; Pula - Niba Tours","og_description":"Razgled grada uz lokalnog vodi\u010da i ulazak u Pulski amfiteatar Polazak grupe autobusom iz Virovitice, usputnih stanica i Koprivnice u jutarnjim satima te vo\u017enja prema Istri uz pauze prema potrebi grupe. Dolazak u Fa\u017eanu i ukrcaj na turisti\u010dki brodi\u0107 kojim se plovi prema Nacionalnom [&hellip;]","og_url":"https:\/\/www.nibatours.hr\/putovanja\/aktualna-putovanja\/brijuni-pula-2\/","og_site_name":"Niba Tours","og_image":[{"width":1100,"height":600,"url":"https:\/\/www.nibatours.hr\/wp-content\/uploads\/2025\/12\/hrvatska-pula-arena-3.jpg","type":"image\/jpeg"}],"twitter_card":"summary_large_image","twitter_misc":{"Est. reading time":"3 minutes"},"schema":{"@context":"https:\/\/schema.org","@graph":[{"@type":"WebPage","@id":"https:\/\/www.nibatours.hr\/putovanja\/aktualna-putovanja\/brijuni-pula-2\/","url":"https:\/\/www.nibatours.hr\/putovanja\/aktualna-putovanja\/brijuni-pula-2\/","name":"Brijuni &amp; Pula - Niba Tours","isPartOf":{"@id":"https:\/\/www.nibatours.hr\/#website"},"primaryImageOfPage":{"@id":"https:\/\/www.nibatours.hr\/putovanja\/aktualna-putovanja\/brijuni-pula-2\/#primaryimage"},"image":{"@id":"https:\/\/www.nibatours.hr\/putovanja\/aktualna-putovanja\/brijuni-pula-2\/#primaryimage"},"thumbnailUrl":"https:\/\/www.nibatours.hr\/wp-content\/uploads\/2025\/12\/hrvatska-pula-arena-3.jpg","datePublished":"2025-12-09T11:49:07+00:00","breadcrumb":{"@id":"https:\/\/www.nibatours.hr\/putovanja\/aktualna-putovanja\/brijuni-pula-2\/#breadcrumb"},"inLanguage":"en-US","potentialAction":[{"@type":"ReadAction","target":["https:\/\/www.nibatours.hr\/putovanja\/aktualna-putovanja\/brijuni-pula-2\/"]}]},{"@type":"ImageObject","inLanguage":"en-US","@id":"https:\/\/www.nibatours.hr\/putovanja\/aktualna-putovanja\/brijuni-pula-2\/#primaryimage","url":"https:\/\/www.nibatours.hr\/wp-content\/uploads\/2025\/12\/hrvatska-pula-arena-3.jpg","contentUrl":"https:\/\/www.nibatours.hr\/wp-content\/uploads\/2025\/12\/hrvatska-pula-arena-3.jpg","width":1100,"height":600},{"@type":"BreadcrumbList","@id":"https:\/\/www.nibatours.hr\/putovanja\/aktualna-putovanja\/brijuni-pula-2\/#breadcrumb","itemListElement":[{"@type":"ListItem","position":1,"name":"Po\u010detna stranica","item":"https:\/\/www.nibatours.hr\/en\/"},{"@type":"ListItem","position":2,"name":"Proizvodi","item":"https:\/\/www.nibatours.hr\/shop\/"},{"@type":"ListItem","position":3,"name":"Brijuni &amp; Pula"}]},{"@type":"WebSite","@id":"https:\/\/www.nibatours.hr\/#website","url":"https:\/\/www.nibatours.hr\/","name":"Niba Tours","description":"Niba Tours - turisti\u010dka agencija","potentialAction":[{"@type":"SearchAction","target":{"@type":"EntryPoint","urlTemplate":"https:\/\/www.nibatours.hr\/?s={search_term_string}"},"query-input":{"@type":"PropertyValueSpecification","valueRequired":true,"valueName":"search_term_string"}}],"inLanguage":"en-US"}]}},"_links":{"self":[{"href":"https:\/\/www.nibatours.hr\/en\/wp-json\/wp\/v2\/product\/4765","targetHints":{"allow":["GET"]}}],"collection":[{"href":"https:\/\/www.nibatours.hr\/en\/wp-json\/wp\/v2\/product"}],"about":[{"href":"https:\/\/www.nibatours.hr\/en\/wp-json\/wp\/v2\/types\/product"}],"wp:featuredmedia":[{"embeddable":true,"href":"https:\/\/www.nibatours.hr\/en\/wp-json\/wp\/v2\/media\/4766"}],"wp:attachment":[{"href":"https:\/\/www.nibatours.hr\/en\/wp-json\/wp\/v2\/media?parent=4765"}],"wp:term":[{"taxonomy":"product_brand","embeddable":true,"href":"https:\/\/www.nibatours.hr\/en\/wp-json\/wp\/v2\/product_brand?post=4765"},{"taxonomy":"product_cat","embeddable":true,"href":"https:\/\/www.nibatours.hr\/en\/wp-json\/wp\/v2\/product_cat?post=4765"},{"taxonomy":"product_tag","embeddable":true,"href":"https:\/\/www.nibatours.hr\/en\/wp-json\/wp\/v2\/product_tag?post=4765"}],"curies":[{"name":"wp","href":"https:\/\/api.w.org\/{rel}","templated":true}]}}