{"id":4731,"date":"2025-12-08T16:31:31","date_gmt":"2025-12-08T14:31:31","guid":{"rendered":"https:\/\/www.nibatours.hr\/?post_type=product&#038;p=4731"},"modified":"2025-12-08T16:31:32","modified_gmt":"2025-12-08T14:31:32","slug":"slavonija-baranja","status":"publish","type":"product","link":"https:\/\/www.nibatours.hr\/en\/putovanja\/aktualna-putovanja\/slavonija-baranja\/","title":{"rendered":"Slavonija &amp; Baranja"},"content":{"rendered":"<p style=\"text-align: center\"><strong>pa ve\u010dera uz \u017eivu muziku!<\/strong><\/p>\n<p style=\"text-align: justify\">Polazak u jutarnjim satima autobusom iz Koprivnice te vo\u017enja preko \u0110ur\u0111evca, Pitoma\u010de i usputnih stanica. Po dolasku u Viroviticu priklju\u010duju se ostali putnici, nakon \u010dega nastavljamo ugodnu vo\u017enju prema \u0110akovu. Prva postaja je poznata \u0110akova\u010dka ergela, gdje \u0107emo uz pratnju stru\u010dnog vodi\u010da razgledati prekrasne lipicance i upoznati bogatu tradiciju ovoga glasovitog konji\u010dkog centra. Nakon razgleda slijedi \u0161etnja gradom i posjet impresivnoj \u0110akova\u010dkoj katedrali, jednom od najljep\u0161ih sakralnih objekata u Hrvatskoj. Potom nastavljamo put prema Osijeku, gdje \u0107emo u dru\u0161tvu voditelja putovanja pro\u0161etati \u017eivopisnim gradskim sredi\u0161tem i razgledati monumentalnu osje\u010dku katedralu. Slijedi slobodno vrijeme za kavu, laganu \u0161etnju ili osobno istra\u017eivanje grada. Okupljanje grupe i nastavak putovanja prema Vinariji Belje, gdje nas o\u010dekuje obilazak impozantnih podruma i degustacija vrhunskih vina. Put zatim vodi u Etno selo Karanac, u kojem \u0107emo razgledati jedinstveni muzej na otvorenom \u2013 Ulicu zaboravljenog vremena \u2013 uz pi\u0107e dobrodo\u0161lice. Za kraj dana slijedi prava poslastica \u2013 ve\u010dera u Baranjskoj ku\u0107i uz \u017eivu tambura\u0161ku glazbu. Ovdje \u0107emo se mo\u0107i opustiti, zapjevati, zaplesati i ugodno provesti u ugo\u0111aju doma\u0107e atmosfere. U dogovoreno vrijeme okupljamo se i kre\u0107emo prema mjestima polaska, uz ugodnu vo\u017enju i pregr\u0161t dojmova s nezaboravnog izleta.<\/p>\n<p><strong>Cijena aran\u017emana po osobi iznosi: 115,00\u20ac.<\/strong><\/p>\n<p><em>Cijena je formirana na bazi 40 osoba. Za putovanje vrijedi Ugovor i Op\u0107i uvjeti putovanja NIBA TOURS d.o.o. <\/em><\/p>\n<p><em>*mogu\u0107nost otplate navedenog aran\u017emana u 4 rate gotovinski, karti\u010dno ili e-bankarstvom!!<\/em><\/p>\n<p>&nbsp;<\/p>\n<p style=\"text-align: justify\"><strong>Cijena aran\u017emana uklju\u010duje: <\/strong>prijevoz autobusom turisti\u010dke klase, licenciranog voditelja na cijelom putovanju, posjet Ergeli \u0110akovo i katedrali sv. Petra uz stru\u010dno vodstvo, posjet Osje\u010dkoj katedrali, degustaciju vina u Vinariji Belje, ve\u010deru u Baranjskoj ku\u0107i uz \u017eivu muziku, pi\u0107e dobrodo\u0161lice i desert, posjet muzeju \u201eUlica zaboravljenog vremena\u201c uz pi\u0107e dobrodo\u0161lice, jam\u010devno osiguranje, osiguranje od odgovornosti, tro\u0161kove organizacije i realizacije putovanja, PDV.<\/p>\n<p><img loading=\"lazy\" decoding=\"async\" class=\"\" src=\"https:\/\/www.menu.hr\/wp-content\/uploads\/2024\/08\/Podrum-Vina-Belje-678x380.jpg\" alt=\"Osam medalja za Vina Belje u Sloveniji - Magazin za turizam i gastronomiju\" width=\"314\" height=\"176\" \/><img loading=\"lazy\" decoding=\"async\" class=\"\" src=\"https:\/\/image.dnevnik.hr\/media\/images\/1920x1080\/Nov2024\/62951734-osijek.jpg\" alt=\"18 smo se puta zaljubili u Osijek: Razlozi zbog kojih trebate posjetiti  predivni grad na Dravi\" width=\"313\" height=\"176\" \/><img loading=\"lazy\" decoding=\"async\" class=\"\" src=\"https:\/\/tzbaranje.hr\/wp-content\/uploads\/2019\/03\/393888618_1367402694206498_7118997395243171854_n.jpg\" alt=\"Ulica zaboravljenog vremena - Visit Baranja\" width=\"235\" height=\"177\" \/><\/p>\n<p style=\"text-align: center\"><strong>Sretan put i dobru zabavu \u017eeli vam Niba Tours!!<\/strong><\/p>\n","protected":false},"excerpt":{"rendered":"<p>pa ve\u010dera uz \u017eivu muziku! Polazak u jutarnjim satima autobusom iz Koprivnice te vo\u017enja preko \u0110ur\u0111evca, Pitoma\u010de i usputnih stanica. Po dolasku u Viroviticu priklju\u010duju se ostali putnici, nakon \u010dega nastavljamo ugodnu vo\u017enju prema \u0110akovu. Prva postaja je poznata \u0110akova\u010dka ergela, gdje \u0107emo uz [&hellip;]<\/p>\n","protected":false},"featured_media":4732,"template":"","meta":[],"product_brand":[],"product_cat":[18],"product_tag":[],"class_list":{"0":"post-4731","1":"product","2":"type-product","3":"status-publish","4":"has-post-thumbnail","6":"product_cat-aktualna-putovanja","8":"first","9":"instock","10":"shipping-taxable","11":"purchasable","12":"product-type-simple"},"yoast_head":"<!-- This site is optimized with the Yoast SEO plugin v26.0 - https:\/\/yoast.com\/wordpress\/plugins\/seo\/ -->\n<title>Slavonija &amp; Baranja - Niba Tours<\/title>\n<meta name=\"robots\" content=\"index, follow, max-snippet:-1, max-image-preview:large, max-video-preview:-1\" \/>\n<link rel=\"canonical\" href=\"https:\/\/www.nibatours.hr\/putovanja\/aktualna-putovanja\/slavonija-baranja\/\" \/>\n<meta property=\"og:locale\" content=\"en_US\" \/>\n<meta property=\"og:type\" content=\"article\" \/>\n<meta property=\"og:title\" content=\"Slavonija &amp; Baranja - Niba Tours\" \/>\n<meta property=\"og:description\" content=\"pa ve\u010dera uz \u017eivu muziku! Polazak u jutarnjim satima autobusom iz Koprivnice te vo\u017enja preko \u0110ur\u0111evca, Pitoma\u010de i usputnih stanica. Po dolasku u Viroviticu priklju\u010duju se ostali putnici, nakon \u010dega nastavljamo ugodnu vo\u017enju prema \u0110akovu. Prva postaja je poznata \u0110akova\u010dka ergela, gdje \u0107emo uz [&hellip;]\" \/>\n<meta property=\"og:url\" content=\"https:\/\/www.nibatours.hr\/putovanja\/aktualna-putovanja\/slavonija-baranja\/\" \/>\n<meta property=\"og:site_name\" content=\"Niba Tours\" \/>\n<meta property=\"article:modified_time\" content=\"2025-12-08T14:31:32+00:00\" \/>\n<meta property=\"og:image\" content=\"https:\/\/www.nibatours.hr\/wp-content\/uploads\/2025\/12\/ulica-zaboravljenog-vremena-karanac1.jpg\" \/>\n\t<meta property=\"og:image:width\" content=\"1920\" \/>\n\t<meta property=\"og:image:height\" content=\"1300\" \/>\n\t<meta property=\"og:image:type\" content=\"image\/jpeg\" \/>\n<meta name=\"twitter:card\" content=\"summary_large_image\" \/>\n<meta name=\"twitter:label1\" content=\"Est. reading time\" \/>\n\t<meta name=\"twitter:data1\" content=\"3 minutes\" \/>\n<script type=\"application\/ld+json\" class=\"yoast-schema-graph\">{\"@context\":\"https:\/\/schema.org\",\"@graph\":[{\"@type\":\"WebPage\",\"@id\":\"https:\/\/www.nibatours.hr\/putovanja\/aktualna-putovanja\/slavonija-baranja\/\",\"url\":\"https:\/\/www.nibatours.hr\/putovanja\/aktualna-putovanja\/slavonija-baranja\/\",\"name\":\"Slavonija &amp; Baranja - Niba Tours\",\"isPartOf\":{\"@id\":\"https:\/\/www.nibatours.hr\/#website\"},\"primaryImageOfPage\":{\"@id\":\"https:\/\/www.nibatours.hr\/putovanja\/aktualna-putovanja\/slavonija-baranja\/#primaryimage\"},\"image\":{\"@id\":\"https:\/\/www.nibatours.hr\/putovanja\/aktualna-putovanja\/slavonija-baranja\/#primaryimage\"},\"thumbnailUrl\":\"https:\/\/www.nibatours.hr\/wp-content\/uploads\/2025\/12\/ulica-zaboravljenog-vremena-karanac1.jpg\",\"datePublished\":\"2025-12-08T14:31:31+00:00\",\"dateModified\":\"2025-12-08T14:31:32+00:00\",\"breadcrumb\":{\"@id\":\"https:\/\/www.nibatours.hr\/putovanja\/aktualna-putovanja\/slavonija-baranja\/#breadcrumb\"},\"inLanguage\":\"en-US\",\"potentialAction\":[{\"@type\":\"ReadAction\",\"target\":[\"https:\/\/www.nibatours.hr\/putovanja\/aktualna-putovanja\/slavonija-baranja\/\"]}]},{\"@type\":\"ImageObject\",\"inLanguage\":\"en-US\",\"@id\":\"https:\/\/www.nibatours.hr\/putovanja\/aktualna-putovanja\/slavonija-baranja\/#primaryimage\",\"url\":\"https:\/\/www.nibatours.hr\/wp-content\/uploads\/2025\/12\/ulica-zaboravljenog-vremena-karanac1.jpg\",\"contentUrl\":\"https:\/\/www.nibatours.hr\/wp-content\/uploads\/2025\/12\/ulica-zaboravljenog-vremena-karanac1.jpg\",\"width\":1920,\"height\":1300},{\"@type\":\"BreadcrumbList\",\"@id\":\"https:\/\/www.nibatours.hr\/putovanja\/aktualna-putovanja\/slavonija-baranja\/#breadcrumb\",\"itemListElement\":[{\"@type\":\"ListItem\",\"position\":1,\"name\":\"Po\u010detna stranica\",\"item\":\"https:\/\/www.nibatours.hr\/en\/\"},{\"@type\":\"ListItem\",\"position\":2,\"name\":\"Proizvodi\",\"item\":\"https:\/\/www.nibatours.hr\/shop\/\"},{\"@type\":\"ListItem\",\"position\":3,\"name\":\"Slavonija &amp; Baranja\"}]},{\"@type\":\"WebSite\",\"@id\":\"https:\/\/www.nibatours.hr\/#website\",\"url\":\"https:\/\/www.nibatours.hr\/\",\"name\":\"Niba Tours\",\"description\":\"Niba Tours - turisti\u010dka agencija\",\"potentialAction\":[{\"@type\":\"SearchAction\",\"target\":{\"@type\":\"EntryPoint\",\"urlTemplate\":\"https:\/\/www.nibatours.hr\/?s={search_term_string}\"},\"query-input\":{\"@type\":\"PropertyValueSpecification\",\"valueRequired\":true,\"valueName\":\"search_term_string\"}}],\"inLanguage\":\"en-US\"}]}<\/script>\n<!-- \/ Yoast SEO plugin. -->","yoast_head_json":{"title":"Slavonija &amp; Baranja - Niba Tours","robots":{"index":"index","follow":"follow","max-snippet":"max-snippet:-1","max-image-preview":"max-image-preview:large","max-video-preview":"max-video-preview:-1"},"canonical":"https:\/\/www.nibatours.hr\/putovanja\/aktualna-putovanja\/slavonija-baranja\/","og_locale":"en_US","og_type":"article","og_title":"Slavonija &amp; Baranja - Niba Tours","og_description":"pa ve\u010dera uz \u017eivu muziku! Polazak u jutarnjim satima autobusom iz Koprivnice te vo\u017enja preko \u0110ur\u0111evca, Pitoma\u010de i usputnih stanica. Po dolasku u Viroviticu priklju\u010duju se ostali putnici, nakon \u010dega nastavljamo ugodnu vo\u017enju prema \u0110akovu. Prva postaja je poznata \u0110akova\u010dka ergela, gdje \u0107emo uz [&hellip;]","og_url":"https:\/\/www.nibatours.hr\/putovanja\/aktualna-putovanja\/slavonija-baranja\/","og_site_name":"Niba Tours","article_modified_time":"2025-12-08T14:31:32+00:00","og_image":[{"width":1920,"height":1300,"url":"https:\/\/www.nibatours.hr\/wp-content\/uploads\/2025\/12\/ulica-zaboravljenog-vremena-karanac1.jpg","type":"image\/jpeg"}],"twitter_card":"summary_large_image","twitter_misc":{"Est. reading time":"3 minutes"},"schema":{"@context":"https:\/\/schema.org","@graph":[{"@type":"WebPage","@id":"https:\/\/www.nibatours.hr\/putovanja\/aktualna-putovanja\/slavonija-baranja\/","url":"https:\/\/www.nibatours.hr\/putovanja\/aktualna-putovanja\/slavonija-baranja\/","name":"Slavonija &amp; Baranja - Niba Tours","isPartOf":{"@id":"https:\/\/www.nibatours.hr\/#website"},"primaryImageOfPage":{"@id":"https:\/\/www.nibatours.hr\/putovanja\/aktualna-putovanja\/slavonija-baranja\/#primaryimage"},"image":{"@id":"https:\/\/www.nibatours.hr\/putovanja\/aktualna-putovanja\/slavonija-baranja\/#primaryimage"},"thumbnailUrl":"https:\/\/www.nibatours.hr\/wp-content\/uploads\/2025\/12\/ulica-zaboravljenog-vremena-karanac1.jpg","datePublished":"2025-12-08T14:31:31+00:00","dateModified":"2025-12-08T14:31:32+00:00","breadcrumb":{"@id":"https:\/\/www.nibatours.hr\/putovanja\/aktualna-putovanja\/slavonija-baranja\/#breadcrumb"},"inLanguage":"en-US","potentialAction":[{"@type":"ReadAction","target":["https:\/\/www.nibatours.hr\/putovanja\/aktualna-putovanja\/slavonija-baranja\/"]}]},{"@type":"ImageObject","inLanguage":"en-US","@id":"https:\/\/www.nibatours.hr\/putovanja\/aktualna-putovanja\/slavonija-baranja\/#primaryimage","url":"https:\/\/www.nibatours.hr\/wp-content\/uploads\/2025\/12\/ulica-zaboravljenog-vremena-karanac1.jpg","contentUrl":"https:\/\/www.nibatours.hr\/wp-content\/uploads\/2025\/12\/ulica-zaboravljenog-vremena-karanac1.jpg","width":1920,"height":1300},{"@type":"BreadcrumbList","@id":"https:\/\/www.nibatours.hr\/putovanja\/aktualna-putovanja\/slavonija-baranja\/#breadcrumb","itemListElement":[{"@type":"ListItem","position":1,"name":"Po\u010detna stranica","item":"https:\/\/www.nibatours.hr\/en\/"},{"@type":"ListItem","position":2,"name":"Proizvodi","item":"https:\/\/www.nibatours.hr\/shop\/"},{"@type":"ListItem","position":3,"name":"Slavonija &amp; Baranja"}]},{"@type":"WebSite","@id":"https:\/\/www.nibatours.hr\/#website","url":"https:\/\/www.nibatours.hr\/","name":"Niba Tours","description":"Niba Tours - turisti\u010dka agencija","potentialAction":[{"@type":"SearchAction","target":{"@type":"EntryPoint","urlTemplate":"https:\/\/www.nibatours.hr\/?s={search_term_string}"},"query-input":{"@type":"PropertyValueSpecification","valueRequired":true,"valueName":"search_term_string"}}],"inLanguage":"en-US"}]}},"_links":{"self":[{"href":"https:\/\/www.nibatours.hr\/en\/wp-json\/wp\/v2\/product\/4731","targetHints":{"allow":["GET"]}}],"collection":[{"href":"https:\/\/www.nibatours.hr\/en\/wp-json\/wp\/v2\/product"}],"about":[{"href":"https:\/\/www.nibatours.hr\/en\/wp-json\/wp\/v2\/types\/product"}],"wp:featuredmedia":[{"embeddable":true,"href":"https:\/\/www.nibatours.hr\/en\/wp-json\/wp\/v2\/media\/4732"}],"wp:attachment":[{"href":"https:\/\/www.nibatours.hr\/en\/wp-json\/wp\/v2\/media?parent=4731"}],"wp:term":[{"taxonomy":"product_brand","embeddable":true,"href":"https:\/\/www.nibatours.hr\/en\/wp-json\/wp\/v2\/product_brand?post=4731"},{"taxonomy":"product_cat","embeddable":true,"href":"https:\/\/www.nibatours.hr\/en\/wp-json\/wp\/v2\/product_cat?post=4731"},{"taxonomy":"product_tag","embeddable":true,"href":"https:\/\/www.nibatours.hr\/en\/wp-json\/wp\/v2\/product_tag?post=4731"}],"curies":[{"name":"wp","href":"https:\/\/api.w.org\/{rel}","templated":true}]}}