{"id":3752,"date":"2023-02-10T09:09:54","date_gmt":"2023-02-10T07:09:54","guid":{"rendered":"https:\/\/www.nibatours.hr\/?post_type=product&#038;p=3752"},"modified":"2025-09-26T19:18:31","modified_gmt":"2025-09-26T17:18:31","slug":"skole-u-prirodi-maturalci-u-hotelu-barba","status":"publish","type":"product","link":"https:\/\/www.nibatours.hr\/en\/putovanja\/putovanja-za-mlade\/skolska-putovanja\/skole-u-prirodi-maturalci-u-hotelu-barba\/","title":{"rendered":"\u0160kole u prirodi\/maturalci u Hotelu Barba"},"content":{"rendered":"<hr \/>\n<p style=\"text-align: center;\"><em>Po\u0161tovani roditelji, nastavnici i u\u010denici,<\/em><\/p>\n<p style=\"text-align: center;\"><em>Vrijeme je priprema i organizacije \u0161kola u prirodi i maturalaca i mnoge \u0161kole, posebice s manjim razredima, suo\u010davaju se s problemom visokih cijena.<\/em><\/p>\n<p style=\"text-align: center;\"><em>Mi vam i ove godine nudimo rje\u0161enje poti\u010demo da razmislite o ne\u010dem druga\u010dijem i, uvjereni smo, boljem!<\/em><\/p>\n<p style=\"text-align: center;\"><em>Putni\u010dka agencija Niba Tours i Hotel Barba nude vam mogu\u0107nost da svoju \u0161kolu u prirodi ili maturalac provedete u srednjoj Dalmaciji, s bazom u na\u0161em Hotelu Barba u Starigrad Paklenici uz niz mogu\u0107ih atraktivnih izleta i animacijske programe. <\/em><\/p>\n<p style=\"text-align: center;\"><em>Kombinirajte putovanje vlakom i autobusom pa primjerice, u 4 dana va\u0161a djeca mogu uz stru\u010dno vodstvo licenciranog vodi\u010da razgledati gradove <strong>Zadar, Nin i \u0160ibenik<\/strong>; obi\u0107i <strong>2 Nacionalna parka: Krku i Paklenicu<\/strong>; posjetiti <strong>solanu u Ninu<\/strong>; zabaviti se cijeli dan u <strong>Fun parku u Biogradu na moru<\/strong>\u2026. <\/em><strong><em>za samo 350,00 EUR!<\/em><\/strong><\/p>\n<p style=\"text-align: center;\"><em>\u00a0<\/em><\/p>\n<p style=\"text-align: center;\"><em>Ili mogu <strong>ploviti brodom Novigradskim morem i kanjonom Zrmanje<\/strong>, obi\u0107i uz stru\u010dno vodstvo <strong>Zadar i Nin<\/strong>, razgledati <strong>solanu u Ninu<\/strong>, <strong>Nacionalni park Paklenicu<\/strong>, <strong>voziti se trajektom i kupati na Ugljanu<\/strong> uz razgled <strong>Pekra i prezentaciju otoka od strane stru\u010dnog vodi\u010da<\/strong>\u2026..<\/em><strong><em>za svega 300,00 EUR!<\/em><\/strong><\/p>\n<p style=\"text-align: center;\"><em>Mogu\u0107e su i mnoge druge kombinacije i sadr\u017eaji koji ne\u0107e promijeniti okvirnu cijenu!<\/em><\/p>\n<p style=\"text-align: center;\"><em>Mislite da je to nemogu\u0107e? Testirajte nas! <\/em><\/p>\n<p style=\"text-align: center;\"><em>\u00a0Sve to mo\u017eete pla\u0107ati na rate, a uvjereni smo da bolji omjer sadr\u017eaja, kvalitete i cijene ne\u0107ete dobiti<\/em><\/p>\n<hr \/>\n<p style=\"text-align: justify;\"><strong>|PRIMJER PROGRAMA &#8211; MOGU\u0106E PRILAGODBE PO \u017dELJI!|\u00a0 <\/strong><\/p>\n<p style=\"text-align: justify;\"><strong>1.dan:<\/strong> Polazak u jutarnjim satima sa mjesta prema dogovoru. Vo\u017enja uz usputne pauze prema potrebi grupe do pakleni\u010dke rivijere koja odu\u0161evljava nevjerojatnim pro\u017eimanjem razli\u010ditih pejza\u017ea. Smje\u0161tena na krajnjem sjeverozapadnom dijelu Dalmacije, ova rivijera pripada Zadarskoj regiji te spaja planinu i more i mediteransku sa planinskom klimom. Prvo odredi\u0161te putovanja je <strong>Zadar<\/strong>. Slijedi obilazak gradske poluoto\u010dne jezgre sa licenciranim vodi\u010dem: Crkva sv. Donata, Crkva sv. Sto\u0161ije, Forum, Kalelarge, Narodni trg, Trg pet bunara, Morske orgulje, Pozdrav suncu\u2026 Polazak prema <strong>Ninu<\/strong> \u2013 jednom od najstarijih gradova na isto\u010dnoj obali Jadrana, gradu krunidbe mnogih hrvatskih kraljeva. \u0160etnja gradom, obilazak \u201cnajmanje katedrale na svijetu\u201c, zami\u0161ljanje \u017eelje i trljanje palca sv. Grgura za njihovo ispunjenje a nakon toga posjet najstarijoj solani u Ninu uz kratku, ali pou\u010dnu prezentaciju o proizvodnji soli\u2026 Nastavak vo\u017enje autobusom do Starigrad Paklenice. Smje\u0161taj u Hotelu Barba koji se nalazi svega 40-ak metara od same pla\u017ee te nekoliko minuta \u0161etnje do centra grada. Slobodno vrijeme za upoznavanje mjesta, kupanje i odmor. Ve\u010dera u Hotelu. No\u0107enje.<\/p>\n<p style=\"text-align: justify;\"><strong>2.dan:<\/strong> Nakon doru\u010dka nastavljamo sa razgledavanjem ljepota Dalmacije pa se spu\u0161tamo malo ju\u017enije do <strong>\u0160ibensko-kninske \u017eupanije<\/strong>, odnosno do <strong>Nacionalnog parka Krka<\/strong> \u2013 sedmog po redu nacionalnog park u Hrvatskoj. Prostire na 109 kvadratnih kilometara, od kojih 25,6 kvadratnih kilometara \u010dini vodena povr\u0161ina. Rijeka Krka danas ima 7 sedrenih slapova i njezine ljepote predstavljaju prirodni kr\u0161ki fenomen, koji se preporu\u010duje posjetiti u prolje\u0107e i ljeti jer je tada u punom sjaju, a mo\u017eete se i osvje\u017eiti u \u010distoj vodi. Obilazak i \u0161etnja parkom koji obuhva\u0107a najljep\u0161i dio toka rijeke Krke i donji tok rijeke \u010cikole. Posjetitelji \u0107e upoznati prirodne fenomene i kulturno-povijesne spomenike rijeke Krke. Pje\u0161a\u010dki razgled rijeke Krke \u0107e nas odvesti od Skradina, do 44 metra visokog slapa Skradinski buk, poznatog po fantasti\u010dnim kr\u0161kim oblicima i sedrenim slapovima, a izme\u0111u ostalog, njegova je obala prekrasno mjesto za kupanje. Slobodno vrijeme za kavu i kupnju suvenira. Nakon Krke, odlazi se do <strong>\u0160ibenika.<\/strong> \u0160ibenik je grad bogate povijesti i kulturnog naslije\u0111a, a mo\u017ee se pohvaliti i razli\u010ditim suvremenim atrakcijama. Prvo \u0107emo ru\u010dati u lokalnom restoranu, a nakon toga slijedi upoznavanje grada u pratnji lokalnog licenciranog vodi\u010da. Slobodno vrijeme za individualno istra\u017eivanje grada ili kavu. Prema preferencijama, mo\u017ee se posjetiti i katedrala Sv. Jakova koja je zbog svojih iznimnih vrijednosti uvr\u0161tena na UNESCO-ov popis svjetskog kulturnog naslje\u0111a. Povratak u Starigrad. Slobodan ostatak dana, kupanje\u2026 Ve\u010dera. Zabavni sadr\u017eaj u organizaciji agencije i Hotela. No\u0107enje.<\/p>\n<p style=\"text-align: justify;\"><strong>3.dan<\/strong>: Doru\u010dak. Nakon doru\u010dka slijedi odlazak do <strong>Biograda,<\/strong> odnosno u <strong>tematsko zabavni park \u2013 Fun park Biograd by Mirnovec<\/strong> koji pru\u017ea spektakularno iskustvo zabave u srcu Jadranske obale. Tako \u0107e se za svakog prona\u0107i pone\u0161to: rollercoasteri, ferris wheel, spinning coasteri, Atlantis, ma\u0111ioni\u010dari, \u017eongleri, cirkusanti ali i igraonica Games Hall sa XD Dark Ride \u2013 vritalnom stvarno\u0161\u0107u i klasi\u010dnim igricama. Nakon nekoliko sati provedenih u ovom zabavnom parku odlazak na ru\u010dak u lokalni restoran a potom slijedi kupanje i slobodno vrijeme na jednoj od najljep\u0161ih pla\u017ea Biograda \u2013 Soline. Povratak u Starigrad. Ve\u010dera te mogu\u0107nost organiziranja zabavne ve\u010deri na terasi Hotela. No\u0107enje.<\/p>\n<p style=\"text-align: justify;\"><strong>4.dan: <\/strong>Doru\u010dak, odjava iz hotela te polazak u <strong>NP Paklenica<\/strong> koji je ve\u0107 1949. progla\u0161en nacionalnim parkom s ciljem o\u010duvanja najve\u0107eg \u0161umskog kompleksa na podru\u010dju Dalmacije. \u0160etnja prvim dijelom staze do Podzemnog grada (nekada\u0161nji vojni bunkeri preure\u0111eni u multimedijalne dvorane) te nastavak planinarskom stazom do <strong>Lugarnice<\/strong>. Pauza u Lugarnici uz okrijepu grahom. Povratak do parkirali\u0161ta, podjela lunch paketa za \u0161to ugodnije putovanje i polazak prema ku\u0107i. Usputne pauze za pojesti lunch pakete i odmor od puta. Dolazak u mjesto polaska u ve\u010dernjim satima.<\/p>\n<hr \/>\n<p><strong>*Raspored putovanja, izleti i obilasci se mogu mijenjati prema Va\u0161im \u017eeljama, potrebama i preferencijama.<\/strong> Ono \u0161to se jo\u0161 mo\u017ee uklju\u010diti je:<\/p>\n<ul>\n<li><strong>Vo\u017enja brodom kanjonom rijeke Zrmanje<\/strong> od Obrovca do njenog u\u0161\u0107a \u2013 jednim od najljep\u0161ih kanjona plovi se u du\u017eini od 10-ak kilometara;<\/li>\n<li><strong>NP Plitvi\u010dka jezera <\/strong>\u2013 najposje\u0107eniji i za mnoge najljep\u0161i Hrvatski nacionalni park<\/li>\n<li><strong>Rastoke <\/strong>\u2013 bajkovito vodeni\u010darsko naselje na dvije rijeke,<\/li>\n<li><strong>Vrilo Gacke<\/strong> \u2013 Mayerovo vrilo, jedno od dva izvori\u0161ta ove predivne rijeke,<\/li>\n<li><strong>Split<\/strong> \u2013 uz obavezan obilazak Dioklecijanove pala\u010de,<\/li>\n<li><strong>Niz drugih mogu\u0107nosti,<\/strong> jer sve gore pobrojano je na svega sat vremena vo\u017enje od Hotela Barba!<\/li>\n<\/ul>\n<hr \/>\n<p><strong>Okvirna cijena<\/strong> <strong>s uklju\u010denim uslugama:<\/strong> 3 puna pansiona (4 dana\/3no\u0107enja), 4\u00a0 izleta, stru\u010dnim pratiteljem tijekom cijelog putovanja, animatorom za sve dane boravka u hotelu, 1 gratis, donacije za \u0161kolu \u2013 <strong>maksimalno<\/strong> 350,0 EUR.<\/p>\n<p><strong>Pla\u0107anje na 12 rata.<\/strong><\/p>\n<p><strong>U slu\u010daju odustanka dijela planiranih putnika<\/strong> \u2013 dogovorenu <strong>cijenu ne\u0107emo mijenjati<\/strong>.<\/p>\n<p><strong>Vi\u0161e informacija o Hotelu<\/strong> potra\u017eite na www.hotelbarba.com i www.facebook.com\/hotel.barba.starigrad.paklenica a vi\u0161e detalja o samom programu potra\u017eite na:\u00a0 <a href=\"https:\/\/www.nibatours.hr\/wp-content\/uploads\/2023\/02\/Skola-u-prirodi-i-maturalci-u-Hotelu-Barba.pdf\">\u0160kola u prirodi i maturalci u Hotelu Barba<\/a><\/p>\n<p><strong>Zatra\u017eite konkretnu ponudu<\/strong> i dodatno \u0107emo vas iznenaditi:<\/p>\n<ul>\n<li>info@nibatours.hr<\/li>\n<li>info@hotelbarba.com<\/li>\n<li>099\/497-4429<\/li>\n<li>099\/497-4430<\/li>\n<li>099\/193-3050<\/li>\n<\/ul>\n<p><img loading=\"lazy\" decoding=\"async\" class=\"wp-image-3755 aligncenter\" src=\"https:\/\/www.nibatours.hr\/wp-content\/uploads\/2023\/02\/zadar21-min-300x225.jpg\" alt=\"\" width=\"357\" height=\"268\" srcset=\"https:\/\/www.nibatours.hr\/wp-content\/uploads\/2023\/02\/zadar21-min-300x225.jpg 300w, https:\/\/www.nibatours.hr\/wp-content\/uploads\/2023\/02\/zadar21-min-1024x768.jpg 1024w, https:\/\/www.nibatours.hr\/wp-content\/uploads\/2023\/02\/zadar21-min-768x576.jpg 768w, https:\/\/www.nibatours.hr\/wp-content\/uploads\/2023\/02\/zadar21-min-1536x1152.jpg 1536w, https:\/\/www.nibatours.hr\/wp-content\/uploads\/2023\/02\/zadar21-min-600x450.jpg 600w, https:\/\/www.nibatours.hr\/wp-content\/uploads\/2023\/02\/zadar21-min.jpg 2000w\" sizes=\"auto, (max-width: 357px) 100vw, 357px\" \/><\/p>\n<p><img loading=\"lazy\" decoding=\"async\" class=\"wp-image-3756 aligncenter\" src=\"https:\/\/www.nibatours.hr\/wp-content\/uploads\/2023\/02\/Kanjon-Velike-Paklenice-300x188.jpg\" alt=\"\" width=\"361\" height=\"226\" srcset=\"https:\/\/www.nibatours.hr\/wp-content\/uploads\/2023\/02\/Kanjon-Velike-Paklenice-300x188.jpg 300w, https:\/\/www.nibatours.hr\/wp-content\/uploads\/2023\/02\/Kanjon-Velike-Paklenice-768x480.jpg 768w, https:\/\/www.nibatours.hr\/wp-content\/uploads\/2023\/02\/Kanjon-Velike-Paklenice-600x375.jpg 600w, https:\/\/www.nibatours.hr\/wp-content\/uploads\/2023\/02\/Kanjon-Velike-Paklenice.jpg 800w\" sizes=\"auto, (max-width: 361px) 100vw, 361px\" \/><\/p>\n<p><img loading=\"lazy\" decoding=\"async\" class=\"wp-image-3757 aligncenter\" src=\"https:\/\/www.nibatours.hr\/wp-content\/uploads\/2023\/02\/np-krka-300x200.png\" alt=\"\" width=\"362\" height=\"241\" srcset=\"https:\/\/www.nibatours.hr\/wp-content\/uploads\/2023\/02\/np-krka-300x200.png 300w, https:\/\/www.nibatours.hr\/wp-content\/uploads\/2023\/02\/np-krka-1024x683.png 1024w, https:\/\/www.nibatours.hr\/wp-content\/uploads\/2023\/02\/np-krka-768x512.png 768w, https:\/\/www.nibatours.hr\/wp-content\/uploads\/2023\/02\/np-krka-1536x1024.png 1536w, https:\/\/www.nibatours.hr\/wp-content\/uploads\/2023\/02\/np-krka-400x267.png 400w, https:\/\/www.nibatours.hr\/wp-content\/uploads\/2023\/02\/np-krka-600x400.png 600w, https:\/\/www.nibatours.hr\/wp-content\/uploads\/2023\/02\/np-krka.png 1920w\" sizes=\"auto, (max-width: 362px) 100vw, 362px\" \/><\/p>\n<p><img loading=\"lazy\" decoding=\"async\" class=\"wp-image-3758 aligncenter\" src=\"https:\/\/www.nibatours.hr\/wp-content\/uploads\/2023\/02\/fun-park-mirnovec-300x166.jpg\" alt=\"\" width=\"361\" height=\"200\" srcset=\"https:\/\/www.nibatours.hr\/wp-content\/uploads\/2023\/02\/fun-park-mirnovec-300x166.jpg 300w, https:\/\/www.nibatours.hr\/wp-content\/uploads\/2023\/02\/fun-park-mirnovec-600x331.jpg 600w, https:\/\/www.nibatours.hr\/wp-content\/uploads\/2023\/02\/fun-park-mirnovec.jpg 724w\" sizes=\"auto, (max-width: 361px) 100vw, 361px\" \/><\/p>\n","protected":false},"excerpt":{"rendered":"<p>Po\u0161tovani roditelji, nastavnici i u\u010denici, Vrijeme je priprema i organizacije \u0161kola u prirodi i maturalaca i mnoge \u0161kole, posebice s manjim razredima, suo\u010davaju se s problemom visokih cijena. Mi vam i ove godine nudimo rje\u0161enje poti\u010demo da razmislite o ne\u010dem druga\u010dijem i, uvjereni smo, [&hellip;]<\/p>\n","protected":false},"featured_media":3265,"template":"","meta":[],"product_brand":[],"product_cat":[18,64,93,27,19,24,26],"product_tag":[],"class_list":{"0":"post-3752","1":"product","2":"type-product","3":"status-publish","4":"has-post-thumbnail","6":"product_cat-aktualna-putovanja","7":"product_cat-izdvojene-ponude","8":"product_cat-jesen","9":"product_cat-maturalna-putovanja","10":"product_cat-prigodna-putovanja","11":"product_cat-putovanja-za-mlade","12":"product_cat-skolska-putovanja","14":"first","15":"instock","16":"shipping-taxable","17":"purchasable","18":"product-type-simple"},"yoast_head":"<!-- This site is optimized with the Yoast SEO plugin v26.0 - https:\/\/yoast.com\/wordpress\/plugins\/seo\/ -->\n<title>\u0160kole u prirodi\/maturalci u Hotelu Barba - Niba Tours<\/title>\n<meta name=\"robots\" content=\"index, follow, max-snippet:-1, max-image-preview:large, max-video-preview:-1\" \/>\n<link rel=\"canonical\" href=\"https:\/\/www.nibatours.hr\/putovanja\/putovanja-za-mlade\/skolska-putovanja\/skole-u-prirodi-maturalci-u-hotelu-barba\/\" \/>\n<meta property=\"og:locale\" content=\"en_US\" \/>\n<meta property=\"og:type\" content=\"article\" \/>\n<meta property=\"og:title\" content=\"\u0160kole u prirodi\/maturalci u Hotelu Barba - Niba Tours\" \/>\n<meta property=\"og:description\" content=\"Po\u0161tovani roditelji, nastavnici i u\u010denici, Vrijeme je priprema i organizacije \u0161kola u prirodi i maturalaca i mnoge \u0161kole, posebice s manjim razredima, suo\u010davaju se s problemom visokih cijena. Mi vam i ove godine nudimo rje\u0161enje poti\u010demo da razmislite o ne\u010dem druga\u010dijem i, uvjereni smo, [&hellip;]\" \/>\n<meta property=\"og:url\" content=\"https:\/\/www.nibatours.hr\/putovanja\/putovanja-za-mlade\/skolska-putovanja\/skole-u-prirodi-maturalci-u-hotelu-barba\/\" \/>\n<meta property=\"og:site_name\" content=\"Niba Tours\" \/>\n<meta property=\"article:modified_time\" content=\"2025-09-26T17:18:31+00:00\" \/>\n<meta property=\"og:image\" content=\"https:\/\/www.nibatours.hr\/wp-content\/uploads\/2020\/07\/Screenshot_23-915x450.png\" \/>\n\t<meta property=\"og:image:width\" content=\"915\" \/>\n\t<meta property=\"og:image:height\" content=\"450\" \/>\n\t<meta property=\"og:image:type\" content=\"image\/png\" \/>\n<meta name=\"twitter:card\" content=\"summary_large_image\" \/>\n<meta name=\"twitter:label1\" content=\"Est. reading time\" \/>\n\t<meta name=\"twitter:data1\" content=\"7 minutes\" \/>\n<script type=\"application\/ld+json\" class=\"yoast-schema-graph\">{\"@context\":\"https:\/\/schema.org\",\"@graph\":[{\"@type\":\"WebPage\",\"@id\":\"https:\/\/www.nibatours.hr\/putovanja\/putovanja-za-mlade\/skolska-putovanja\/skole-u-prirodi-maturalci-u-hotelu-barba\/\",\"url\":\"https:\/\/www.nibatours.hr\/putovanja\/putovanja-za-mlade\/skolska-putovanja\/skole-u-prirodi-maturalci-u-hotelu-barba\/\",\"name\":\"\u0160kole u prirodi\/maturalci u Hotelu Barba - Niba Tours\",\"isPartOf\":{\"@id\":\"https:\/\/www.nibatours.hr\/#website\"},\"primaryImageOfPage\":{\"@id\":\"https:\/\/www.nibatours.hr\/putovanja\/putovanja-za-mlade\/skolska-putovanja\/skole-u-prirodi-maturalci-u-hotelu-barba\/#primaryimage\"},\"image\":{\"@id\":\"https:\/\/www.nibatours.hr\/putovanja\/putovanja-za-mlade\/skolska-putovanja\/skole-u-prirodi-maturalci-u-hotelu-barba\/#primaryimage\"},\"thumbnailUrl\":\"https:\/\/www.nibatours.hr\/wp-content\/uploads\/2020\/07\/Screenshot_23-915x450.png\",\"datePublished\":\"2023-02-10T07:09:54+00:00\",\"dateModified\":\"2025-09-26T17:18:31+00:00\",\"breadcrumb\":{\"@id\":\"https:\/\/www.nibatours.hr\/putovanja\/putovanja-za-mlade\/skolska-putovanja\/skole-u-prirodi-maturalci-u-hotelu-barba\/#breadcrumb\"},\"inLanguage\":\"en-US\",\"potentialAction\":[{\"@type\":\"ReadAction\",\"target\":[\"https:\/\/www.nibatours.hr\/putovanja\/putovanja-za-mlade\/skolska-putovanja\/skole-u-prirodi-maturalci-u-hotelu-barba\/\"]}]},{\"@type\":\"ImageObject\",\"inLanguage\":\"en-US\",\"@id\":\"https:\/\/www.nibatours.hr\/putovanja\/putovanja-za-mlade\/skolska-putovanja\/skole-u-prirodi-maturalci-u-hotelu-barba\/#primaryimage\",\"url\":\"https:\/\/www.nibatours.hr\/wp-content\/uploads\/2020\/07\/Screenshot_23-915x450.png\",\"contentUrl\":\"https:\/\/www.nibatours.hr\/wp-content\/uploads\/2020\/07\/Screenshot_23-915x450.png\",\"width\":915,\"height\":450},{\"@type\":\"BreadcrumbList\",\"@id\":\"https:\/\/www.nibatours.hr\/putovanja\/putovanja-za-mlade\/skolska-putovanja\/skole-u-prirodi-maturalci-u-hotelu-barba\/#breadcrumb\",\"itemListElement\":[{\"@type\":\"ListItem\",\"position\":1,\"name\":\"Po\u010detna stranica\",\"item\":\"https:\/\/www.nibatours.hr\/en\/\"},{\"@type\":\"ListItem\",\"position\":2,\"name\":\"Proizvodi\",\"item\":\"https:\/\/www.nibatours.hr\/shop\/\"},{\"@type\":\"ListItem\",\"position\":3,\"name\":\"\u0160kole u prirodi\/maturalci u Hotelu Barba\"}]},{\"@type\":\"WebSite\",\"@id\":\"https:\/\/www.nibatours.hr\/#website\",\"url\":\"https:\/\/www.nibatours.hr\/\",\"name\":\"Niba Tours\",\"description\":\"Niba Tours - turisti\u010dka agencija\",\"potentialAction\":[{\"@type\":\"SearchAction\",\"target\":{\"@type\":\"EntryPoint\",\"urlTemplate\":\"https:\/\/www.nibatours.hr\/?s={search_term_string}\"},\"query-input\":{\"@type\":\"PropertyValueSpecification\",\"valueRequired\":true,\"valueName\":\"search_term_string\"}}],\"inLanguage\":\"en-US\"}]}<\/script>\n<!-- \/ Yoast SEO plugin. -->","yoast_head_json":{"title":"\u0160kole u prirodi\/maturalci u Hotelu Barba - Niba Tours","robots":{"index":"index","follow":"follow","max-snippet":"max-snippet:-1","max-image-preview":"max-image-preview:large","max-video-preview":"max-video-preview:-1"},"canonical":"https:\/\/www.nibatours.hr\/putovanja\/putovanja-za-mlade\/skolska-putovanja\/skole-u-prirodi-maturalci-u-hotelu-barba\/","og_locale":"en_US","og_type":"article","og_title":"\u0160kole u prirodi\/maturalci u Hotelu Barba - Niba Tours","og_description":"Po\u0161tovani roditelji, nastavnici i u\u010denici, Vrijeme je priprema i organizacije \u0161kola u prirodi i maturalaca i mnoge \u0161kole, posebice s manjim razredima, suo\u010davaju se s problemom visokih cijena. Mi vam i ove godine nudimo rje\u0161enje poti\u010demo da razmislite o ne\u010dem druga\u010dijem i, uvjereni smo, [&hellip;]","og_url":"https:\/\/www.nibatours.hr\/putovanja\/putovanja-za-mlade\/skolska-putovanja\/skole-u-prirodi-maturalci-u-hotelu-barba\/","og_site_name":"Niba Tours","article_modified_time":"2025-09-26T17:18:31+00:00","og_image":[{"width":915,"height":450,"url":"https:\/\/www.nibatours.hr\/wp-content\/uploads\/2020\/07\/Screenshot_23-915x450.png","type":"image\/png"}],"twitter_card":"summary_large_image","twitter_misc":{"Est. reading time":"7 minutes"},"schema":{"@context":"https:\/\/schema.org","@graph":[{"@type":"WebPage","@id":"https:\/\/www.nibatours.hr\/putovanja\/putovanja-za-mlade\/skolska-putovanja\/skole-u-prirodi-maturalci-u-hotelu-barba\/","url":"https:\/\/www.nibatours.hr\/putovanja\/putovanja-za-mlade\/skolska-putovanja\/skole-u-prirodi-maturalci-u-hotelu-barba\/","name":"\u0160kole u prirodi\/maturalci u Hotelu Barba - Niba Tours","isPartOf":{"@id":"https:\/\/www.nibatours.hr\/#website"},"primaryImageOfPage":{"@id":"https:\/\/www.nibatours.hr\/putovanja\/putovanja-za-mlade\/skolska-putovanja\/skole-u-prirodi-maturalci-u-hotelu-barba\/#primaryimage"},"image":{"@id":"https:\/\/www.nibatours.hr\/putovanja\/putovanja-za-mlade\/skolska-putovanja\/skole-u-prirodi-maturalci-u-hotelu-barba\/#primaryimage"},"thumbnailUrl":"https:\/\/www.nibatours.hr\/wp-content\/uploads\/2020\/07\/Screenshot_23-915x450.png","datePublished":"2023-02-10T07:09:54+00:00","dateModified":"2025-09-26T17:18:31+00:00","breadcrumb":{"@id":"https:\/\/www.nibatours.hr\/putovanja\/putovanja-za-mlade\/skolska-putovanja\/skole-u-prirodi-maturalci-u-hotelu-barba\/#breadcrumb"},"inLanguage":"en-US","potentialAction":[{"@type":"ReadAction","target":["https:\/\/www.nibatours.hr\/putovanja\/putovanja-za-mlade\/skolska-putovanja\/skole-u-prirodi-maturalci-u-hotelu-barba\/"]}]},{"@type":"ImageObject","inLanguage":"en-US","@id":"https:\/\/www.nibatours.hr\/putovanja\/putovanja-za-mlade\/skolska-putovanja\/skole-u-prirodi-maturalci-u-hotelu-barba\/#primaryimage","url":"https:\/\/www.nibatours.hr\/wp-content\/uploads\/2020\/07\/Screenshot_23-915x450.png","contentUrl":"https:\/\/www.nibatours.hr\/wp-content\/uploads\/2020\/07\/Screenshot_23-915x450.png","width":915,"height":450},{"@type":"BreadcrumbList","@id":"https:\/\/www.nibatours.hr\/putovanja\/putovanja-za-mlade\/skolska-putovanja\/skole-u-prirodi-maturalci-u-hotelu-barba\/#breadcrumb","itemListElement":[{"@type":"ListItem","position":1,"name":"Po\u010detna stranica","item":"https:\/\/www.nibatours.hr\/en\/"},{"@type":"ListItem","position":2,"name":"Proizvodi","item":"https:\/\/www.nibatours.hr\/shop\/"},{"@type":"ListItem","position":3,"name":"\u0160kole u prirodi\/maturalci u Hotelu Barba"}]},{"@type":"WebSite","@id":"https:\/\/www.nibatours.hr\/#website","url":"https:\/\/www.nibatours.hr\/","name":"Niba Tours","description":"Niba Tours - turisti\u010dka agencija","potentialAction":[{"@type":"SearchAction","target":{"@type":"EntryPoint","urlTemplate":"https:\/\/www.nibatours.hr\/?s={search_term_string}"},"query-input":{"@type":"PropertyValueSpecification","valueRequired":true,"valueName":"search_term_string"}}],"inLanguage":"en-US"}]}},"_links":{"self":[{"href":"https:\/\/www.nibatours.hr\/en\/wp-json\/wp\/v2\/product\/3752","targetHints":{"allow":["GET"]}}],"collection":[{"href":"https:\/\/www.nibatours.hr\/en\/wp-json\/wp\/v2\/product"}],"about":[{"href":"https:\/\/www.nibatours.hr\/en\/wp-json\/wp\/v2\/types\/product"}],"wp:featuredmedia":[{"embeddable":true,"href":"https:\/\/www.nibatours.hr\/en\/wp-json\/wp\/v2\/media\/3265"}],"wp:attachment":[{"href":"https:\/\/www.nibatours.hr\/en\/wp-json\/wp\/v2\/media?parent=3752"}],"wp:term":[{"taxonomy":"product_brand","embeddable":true,"href":"https:\/\/www.nibatours.hr\/en\/wp-json\/wp\/v2\/product_brand?post=3752"},{"taxonomy":"product_cat","embeddable":true,"href":"https:\/\/www.nibatours.hr\/en\/wp-json\/wp\/v2\/product_cat?post=3752"},{"taxonomy":"product_tag","embeddable":true,"href":"https:\/\/www.nibatours.hr\/en\/wp-json\/wp\/v2\/product_tag?post=3752"}],"curies":[{"name":"wp","href":"https:\/\/api.w.org\/{rel}","templated":true}]}}